{"id":15844,"date":"2013-01-06T12:43:15","date_gmt":"2013-01-06T12:43:15","guid":{"rendered":"https:\/\/www.osteriadaalvise.it\/home\/?lang=de"},"modified":"2024-10-10T12:32:23","modified_gmt":"2024-10-10T10:32:23","slug":"home","status":"publish","type":"page","link":"https:\/\/www.osteriadaalvise.it\/de\/","title":{"rendered":"Home"},"content":{"rendered":"<div class=\"wpb-content-wrapper\"><p>[vc_row type=&#8220;full_width_section&#8220; bg_position=&#8220;left top&#8220;][vc_column width=&#8220;1\/1&#8243;][rev_slider_vc alias=&#8220;Home-Slider-ENG&#8220;][\/vc_column][\/vc_row][vc_row top_padding=&#8220;100&#8243; bottom_padding=&#8220;100&#8243; bg_position=&#8220;left top&#8220;][vc_column width=&#8220;1\/1&#8243;]<h1 class=\"headline font-special fontsize-xl fontweight-800 lh-inherit align-center transform-uppercase \" style=\"margin: 0 0 20px 0;\">Die Osteria da Alvise<br \/>\n<\/h1><h4 class=\"headline font-inherit fontsize-m fontweight-300 lh-inherit align-center transform-inherit \" style=\"margin: 0 0 20px 0;\">Seit \u00fcber 20 Jahren ist unsere Familie in diesem Hause Gastgeber mit Leib und Seele und verbindet die Liebe f\u00fcr Tradition der Carnia (Karnien) mit einem warmen famili\u00e4ren Umfeld. Osteria da Alvise wurde 1994 gebaut und entstand als Treffpunkt unseres ganzen Dorfes und sp\u00e4ter, nach kurzer Zeit, entstand das Restaurant: dort bekommen Sie meisterhaft zubereitete, traditionelle K\u00fcche. Genie\u00dfen sie die drei Zimmer, die das Geb\u00e4ude erg\u00e4nzen, und Sie das Erleben der Tradition unseres Dorfes Sutrio erm\u00f6glichen.<\/h4><h1 class=\"headline font-special fontsize-m fontweight-300 lh-inherit align-center transform-uppercase \" style=\"margin: 0 0 20px 0;\">Ein neuer Traum, der 2020 Realit\u00e4t wird!<\/h1><h4 class=\"headline font-inherit fontsize-m fontweight-300 lh-inherit align-center transform-inherit \" style=\"margin: 0 0 20px 0;\">Dieser Traum hei\u00dft \u201cCjase da Alvise \u201c: ein neues wunderbares Geb\u00e4ude, das aus 6 Zimmern und einem Wellnesszentrum besteht, wo Sie einchecken k\u00f6nnen, um ein Maximum an Komfort, Entspannung und Wohlf\u00fchlerlebnis f\u00fcr Ihren n\u00e4chsten Urlaub zu erleben. Wir erwarten Sie mit gro\u00dfer Freude in unserem Hotel und Sie sind jederzeit herzlich willkommen.<br \/>\nFamilie Da Alvise<br \/>\n<\/h4>[\/vc_column][\/vc_row][vc_row type=&#8220;full_width_section&#8220;][vc_column bg_image=&#8220;15468&#8243; column_padding=&#8220;padding-5&#8243; width=&#8220;1\/4&#8243;]<div class=\"spacer\" style=\"height: 180px;\"><\/div>[\/vc_column][vc_column bg_image=&#8220;15488&#8243; column_padding=&#8220;padding-5&#8243; width=&#8220;1\/4&#8243;]<div class=\"spacer\" style=\"height: 180px;\"><\/div>[\/vc_column][vc_column bg_image=&#8220;16569&#8243; column_padding=&#8220;padding-5&#8243; width=&#8220;1\/4&#8243;]<div class=\"spacer\" style=\"height: 180px;\"><\/div>[\/vc_column][vc_column bg_image=&#8220;16369&#8243; column_padding=&#8220;padding-5&#8243; width=&#8220;1\/4&#8243;]<div class=\"spacer\" style=\"height: 180px;\"><\/div>[\/vc_column][\/vc_row][vc_row top_padding=&#8220;100&#8243; bottom_padding=&#8220;0&#8243; bg_position=&#8220;left top&#8220;][vc_column width=&#8220;1\/3&#8243;]<div class=\"iconbox  wpb_content_element iconbox-style-2 icon-color-greyscale color-dark clearfix\"><div class=\"iconbox-icon\"><i class=\"fa fa-cutlery boxicon\" style=\"\"><\/i><\/div><div class=\"iconbox-content\"><h3><\/h3><p><a style=\"font-size: 20px; font-weight: bold;\" href=\"https:\/\/www.osteriadaalvise.it\/de\/die-kuche\/\">Die K\u00fcche<\/a><br \/>\nUnsere K\u00fcche bietet die traditionellen Gerichte der Carnia, wie die \u201eCjarsons\u201c, mit Kr\u00e4utern gef\u00fcllte Ravioli, und den \u201eFrico\u201c, eine Spezialit\u00e4t aus K\u00e4se und Kartoffeln. Tagliatelle und Ravioli sind selbstgemacht und werden mit Saucen oder F\u00fcllungen nach Saison serviert. Daneben gibt es gegrilltes und geschmortes Fleisch und Wildgerichte.Zum Abschluss d\u00fcrfen die leckeren, von Elena zubereiteten Desserts nicht fehlen.<br \/>\nDie Osteria da Alvise arbeitet seit mehreren Jahren mit dem Verband zusammen.<a href=\"http:\/\/www.slowfood.it\/\" target=\"_blank\" rel=\"noopener noreferrer\"><img loading=\"lazy\" decoding=\"async\" class=\"alignnone wp-image-15789\" src=\"https:\/\/www.osteriadaalvise.it\/wp-content\/uploads\/2013\/01\/sponsor-slowfood.png\" alt=\"sponsor-slowfood\" width=\"100\" height=\"35\" \/><\/a><br \/>\n<\/p><\/div><\/div>[\/vc_column][vc_column width=&#8220;1\/3&#8243;]<div class=\"iconbox  wpb_content_element iconbox-style-2 icon-color-greyscale color-dark clearfix\"><div class=\"iconbox-icon\"><i class=\"fa fa-bed boxicon\" style=\"\"><\/i><\/div><div class=\"iconbox-content\"><h3><\/h3><p><a style=\"font-size: 20px; font-weight: bold;\" href=\"https:\/\/www.osteriadaalvise.it\/de\/zimmer-de\/\"><strong>Die Zimmer<\/strong><\/a><br \/>\nDa Alvise ist ein familiengef\u00fchrtes Hotel und das ideale Ort, in dem Sie entspannende urgem\u00fctliche Urlaubsmomente verbringen zu k\u00f6nnen, in Kontakt mit der Natur zu sein, und unsere Galerie f\u00fcr leckere typische traditionelle Gerichte der Carnia zu probieren.<br \/>\nDas Hotel verf\u00fcgt \u00fcber zwei Geb\u00e4ude: die Osteria, deren\u00a0 \u00a0Zimmer im traditionellen Landhausstil eingerichtet sind, und die \u201cCjase\u201d, ein neues Geb\u00e4ude im modernen alpinen Stil!<br \/>\n<\/p><\/div><\/div>[\/vc_column][vc_column width=&#8220;1\/3&#8243;]<div class=\"iconbox  wpb_content_element iconbox-style-2 icon-color-greyscale color-dark clearfix\"><div class=\"iconbox-icon\"><i class=\"fa fa-tint boxicon\" style=\"\"><\/i><\/div><div class=\"iconbox-content\"><h3><\/h3><p><a style=\"font-size: 20px; font-weight: bold;\" href=\"https:\/\/www.osteriadaalvise.it\/de\/spa\/\">Das Spa<\/a><br \/>\nSp\u00fcren Sie selbst, wie positiv sich die wohltuende W\u00e4rme auf Ihren K\u00f6rper auswirkt und genie\u00dfen Sie die gesundheitlichen Vorteile der finnischen Sauna und des Dampfbads. Genie\u00dfen Sie ein entspannendes Bad im sprudelnden warmen Wasser des Whirlpools und eine wohltuende Unterwassermassage. Auf diese Weise bauen Sie damit Ihren Stress und Ihre Anspannung ab und werden sie nach und nach dadurch in eine wahre Wohltat f\u00fcr Ihre Seele umgewandelt. Sie k\u00f6nnen einen guten Bergkr\u00e4utertee trinken und sich entspannen. Unser Spa steht nach vorheriger Reservierung zur Verf\u00fcgung und zur ausschlie\u00dflichen Verwendung des Hotelzimmers.<\/p>\n<p>&nbsp;<\/p>\n<p>&nbsp;<\/p>\n<p>&nbsp;<\/p>\n<p>&nbsp;<\/p>\n<\/p><\/div><\/div>[\/vc_column][\/vc_row][vc_row bg_color=&#8220;#fafafa&#8220; top_padding=&#8220;40&#8243; bottom_padding=&#8220;40&#8243;][vc_column width=&#8220;1\/3&#8243;]<div class=\"single_image wpb_content_element align-left    \" data-animation=\"none\" data-delay=\"0\"><img loading=\"lazy\" decoding=\"async\" width=\"1348\" height=\"899\" src=\"https:\/\/www.osteriadaalvise.it\/wp-content\/uploads\/2015\/07\/IMG_7691.jpg\" class=\"attachment-full\" alt=\"\" title=\"IMG_7691\" srcset=\"https:\/\/www.osteriadaalvise.it\/wp-content\/uploads\/2015\/07\/IMG_7691.jpg 1348w, https:\/\/www.osteriadaalvise.it\/wp-content\/uploads\/2015\/07\/IMG_7691-300x200.jpg 300w, https:\/\/www.osteriadaalvise.it\/wp-content\/uploads\/2015\/07\/IMG_7691-1024x683.jpg 1024w, https:\/\/www.osteriadaalvise.it\/wp-content\/uploads\/2015\/07\/IMG_7691-600x400.jpg 600w\" sizes=\"(max-width: 1348px) 100vw, 1348px\" \/><\/div><h3 class=\"headline font-special fontsize-m fontweight-500 lh-inherit align-left transform-uppercase \" style=\"margin: 0 0 20px 0;\">\nDen Cjarsons<\/p>\n<\/h3><h1 class=\"headline font-inherit fontsize-inherit fontweight-inherit lh-inherit align-left transform-inherit \" style=\"margin: 0 0 20px 0;\">Die Cjarsons sind ein typisches Karnisches Pastagericht. Sie \u00e4hneln Ravioli, aber keine der zahlreichen Varianten (\u00fcber 30) haben Fleischf\u00fcllungen. Der in fr\u00fcheren Zeiten aus Kartoffeln bereitete Teig ist heute aus Mehl und Wasser und die F\u00fcllung besteht aus Wildkr\u00e4utern, Kartoffeln, Rosinen und Zimt, das Ganze wird mit Butter geschmelzt und mit geriebenem R\u00e4ucherquark bestreut.<\/h1>[\/vc_column][vc_column width=&#8220;1\/3&#8243;]<div class=\"single_image wpb_content_element align-left    \" data-animation=\"none\" data-delay=\"0\"><img loading=\"lazy\" decoding=\"async\" width=\"1348\" height=\"899\" src=\"https:\/\/www.osteriadaalvise.it\/wp-content\/uploads\/2015\/07\/IMG_7688.jpg\" class=\"attachment-full\" alt=\"\" title=\"IMG_7688\" srcset=\"https:\/\/www.osteriadaalvise.it\/wp-content\/uploads\/2015\/07\/IMG_7688.jpg 1348w, https:\/\/www.osteriadaalvise.it\/wp-content\/uploads\/2015\/07\/IMG_7688-300x200.jpg 300w, https:\/\/www.osteriadaalvise.it\/wp-content\/uploads\/2015\/07\/IMG_7688-1024x683.jpg 1024w, https:\/\/www.osteriadaalvise.it\/wp-content\/uploads\/2015\/07\/IMG_7688-600x400.jpg 600w\" sizes=\"(max-width: 1348px) 100vw, 1348px\" \/><\/div><h3 class=\"headline font-special fontsize-m fontweight-500 lh-inherit align-left transform-uppercase \" style=\"margin: 0 0 20px 0;\">\nDer Frico<\/p>\n<\/h3><h1 class=\"headline font-inherit fontsize-inherit fontweight-inherit lh-inherit align-left transform-inherit \" style=\"margin: 0 0 20px 0;\">Der Frico ist ein Gericht mit K\u00e4se, aber auch mit Kartoffeln und Butter, und gilt als das typischste Gericht der Friaulischen, genauer der Karnischen K\u00fcche.<\/h1>[\/vc_column][vc_column width=&#8220;1\/3&#8243;][\/vc_column][\/vc_row][vc_row bg_color=&#8220;#fafafa&#8220; text_align=&#8220;center&#8220; top_padding=&#8220;60&#8243; bottom_padding=&#8220;50&#8243; class=&#8220;hidden&#8220; bg_position=&#8220;left top&#8220;][vc_column width=&#8220;1\/6&#8243;][vc_column_text]<\/p>\n<span class=\"tooltips\"><a href=\"#\" title=\"Use Tooltips everywhere! Nice, huh?\" onclick=\"return false\"><img loading=\"lazy\" decoding=\"async\" class=\"alignnone size-full wp-image-12104\" src=\"https:\/\/www.osteriadaalvise.it\/wp-content\/uploads\/2014\/07\/logo1.png\" alt=\"logo1\" width=\"150\" height=\"74\" \/><\/a><\/span>\n<p>[\/vc_column_text][\/vc_column][vc_column width=&#8220;1\/6&#8243;][vc_column_text]<\/p>\n<span class=\"tooltips\"><a href=\"#\" title=\"Our happy Client\" onclick=\"return false\"><img loading=\"lazy\" decoding=\"async\" class=\"alignnone size-full wp-image-12108\" src=\"https:\/\/www.osteriadaalvise.it\/wp-content\/uploads\/2014\/07\/logo5.png\" alt=\"logo5\" width=\"150\" height=\"74\" \/><\/a><\/span>\n<p>[\/vc_column_text][\/vc_column][vc_column width=&#8220;1\/6&#8243;][vc_column_text]<\/p>\n<span class=\"tooltips\"><a href=\"#\" title=\"Our happy Client\" onclick=\"return false\"><img loading=\"lazy\" decoding=\"async\" class=\"alignnone size-full wp-image-12106\" src=\"https:\/\/www.osteriadaalvise.it\/wp-content\/uploads\/2014\/07\/logo3.png\" alt=\"logo3\" width=\"150\" height=\"74\" \/><\/a><\/span>\n<p>[\/vc_column_text][\/vc_column][vc_column width=&#8220;1\/6&#8243;][vc_column_text]<\/p>\n<span class=\"tooltips\"><a href=\"#\" title=\"Our happy Client\" onclick=\"return false\"><img loading=\"lazy\" decoding=\"async\" class=\"alignnone size-full wp-image-12105\" src=\"https:\/\/www.osteriadaalvise.it\/wp-content\/uploads\/2014\/07\/logo2.png\" alt=\"logo2\" width=\"150\" height=\"74\" \/><\/a><\/span>\n<p>[\/vc_column_text][\/vc_column][vc_column width=&#8220;1\/6&#8243;][vc_column_text]<\/p>\n<span class=\"tooltips\"><a href=\"#\" title=\"Our happy Client\" onclick=\"return false\"><img loading=\"lazy\" decoding=\"async\" class=\"alignnone size-full wp-image-12107\" src=\"https:\/\/www.osteriadaalvise.it\/wp-content\/uploads\/2014\/07\/logo4.png\" alt=\"logo4\" width=\"150\" height=\"74\" \/><\/a><\/span>\n<p>[\/vc_column_text][\/vc_column][vc_column width=&#8220;1\/6&#8243;][vc_column_text]<\/p>\n<span class=\"tooltips\"><a href=\"#\" title=\"Our happy Client\" onclick=\"return false\"><img loading=\"lazy\" decoding=\"async\" class=\"alignnone size-full wp-image-12108\" src=\"https:\/\/www.osteriadaalvise.it\/wp-content\/uploads\/2014\/07\/logo5.png\" alt=\"logo5\" width=\"150\" height=\"74\" \/><\/a><\/span>\n<p>[\/vc_column_text][\/vc_column][\/vc_row]<\/p>\n<\/div>","protected":false},"excerpt":{"rendered":"<p>[vc_row type=&#8220;full_width_section&#8220; bg_position=&#8220;left top&#8220;][vc_column width=&#8220;1\/1&#8243;][rev_slider_vc alias=&#8220;Home-Slider-ENG&#8220;][\/vc_column][\/vc_row][vc_row top_padding=&#8220;100&#8243; bottom_padding=&#8220;100&#8243; bg_position=&#8220;left top&#8220;][vc_column width=&#8220;1\/1&#8243;][\/vc_column][\/vc_row][vc_row type=&#8220;full_width_section&#8220;][vc_column bg_image=&#8220;15468&#8243; column_padding=&#8220;padding-5&#8243; width=&#8220;1\/4&#8243;][\/vc_column][vc_column bg_image=&#8220;15488&#8243; column_padding=&#8220;padding-5&#8243; width=&#8220;1\/4&#8243;][\/vc_column][vc_column bg_image=&#8220;16569&#8243; column_padding=&#8220;padding-5&#8243; width=&#8220;1\/4&#8243;][\/vc_column][vc_column bg_image=&#8220;16369&#8243; column_padding=&#8220;padding-5&#8243; width=&#8220;1\/4&#8243;][\/vc_column][\/vc_row][vc_row top_padding=&#8220;100&#8243; bottom_padding=&#8220;0&#8243; bg_position=&#8220;left top&#8220;][vc_column width=&#8220;1\/3&#8243;][\/vc_column][vc_column width=&#8220;1\/3&#8243;][\/vc_column][vc_column width=&#8220;1\/3&#8243;][\/vc_column][\/vc_row][vc_row bg_color=&#8220;#fafafa&#8220; top_padding=&#8220;40&#8243; bottom_padding=&#8220;40&#8243;][vc_column width=&#8220;1\/3&#8243;][\/vc_column][vc_column width=&#8220;1\/3&#8243;][\/vc_column][vc_column width=&#8220;1\/3&#8243;][\/vc_column][\/vc_row][vc_row bg_color=&#8220;#fafafa&#8220; text_align=&#8220;center&#8220; top_padding=&#8220;60&#8243; bottom_padding=&#8220;50&#8243; class=&#8220;hidden&#8220; bg_position=&#8220;left top&#8220;][vc_column width=&#8220;1\/6&#8243;][vc_column_text] [\/vc_column_text][\/vc_column][vc_column width=&#8220;1\/6&#8243;][vc_column_text] [\/vc_column_text][\/vc_column][vc_column width=&#8220;1\/6&#8243;][vc_column_text] [\/vc_column_text][\/vc_column][vc_column width=&#8220;1\/6&#8243;][vc_column_text] [\/vc_column_text][\/vc_column][vc_column width=&#8220;1\/6&#8243;][vc_column_text] [\/vc_column_text][\/vc_column][vc_column width=&#8220;1\/6&#8243;][vc_column_text] [\/vc_column_text][\/vc_column][\/vc_row]<\/p>\n","protected":false},"author":1,"featured_media":0,"parent":0,"menu_order":0,"comment_status":"closed","ping_status":"closed","template":"","meta":{"footnotes":""},"class_list":["post-15844","page","type-page","status-publish","hentry"],"_links":{"self":[{"href":"https:\/\/www.osteriadaalvise.it\/de\/wp-json\/wp\/v2\/pages\/15844"}],"collection":[{"href":"https:\/\/www.osteriadaalvise.it\/de\/wp-json\/wp\/v2\/pages"}],"about":[{"href":"https:\/\/www.osteriadaalvise.it\/de\/wp-json\/wp\/v2\/types\/page"}],"author":[{"embeddable":true,"href":"https:\/\/www.osteriadaalvise.it\/de\/wp-json\/wp\/v2\/users\/1"}],"replies":[{"embeddable":true,"href":"https:\/\/www.osteriadaalvise.it\/de\/wp-json\/wp\/v2\/comments?post=15844"}],"version-history":[{"count":10,"href":"https:\/\/www.osteriadaalvise.it\/de\/wp-json\/wp\/v2\/pages\/15844\/revisions"}],"predecessor-version":[{"id":17207,"href":"https:\/\/www.osteriadaalvise.it\/de\/wp-json\/wp\/v2\/pages\/15844\/revisions\/17207"}],"wp:attachment":[{"href":"https:\/\/www.osteriadaalvise.it\/de\/wp-json\/wp\/v2\/media?parent=15844"}],"curies":[{"name":"wp","href":"https:\/\/api.w.org\/{rel}","templated":true}]}}