{"id":15847,"date":"2014-09-18T14:49:53","date_gmt":"2014-09-18T14:49:53","guid":{"rendered":"https:\/\/www.osteriadaalvise.it\/osteria\/?lang=de"},"modified":"2020-05-20T10:14:43","modified_gmt":"2020-05-20T08:14:43","slug":"die-osteria","status":"publish","type":"page","link":"https:\/\/www.osteriadaalvise.it\/de\/die-osteria\/","title":{"rendered":"Die Osteria"},"content":{"rendered":"<div class=\"wpb-content-wrapper\"><p>[vc_row type=&#8220;full_width_section&#8220; bg_image=&#8220;15437&#8243; text_align=&#8220;center&#8220; top_padding=&#8220;0&#8243; bottom_padding=&#8220;0&#8243;][vc_column width=&#8220;1\/1&#8243;][vc_column_text]<\/p>\n<p>&nbsp;<\/p>\n<p>&nbsp;<\/p>\n<p>&nbsp;<\/p>\n<p>&nbsp;<\/p>\n<p>&nbsp;<\/p>\n<p>&nbsp;<\/p>\n<p>&nbsp;<\/p>\n<p>&nbsp;<\/p>\n<p>&nbsp;<\/p>\n<p>&nbsp;<\/p>\n<p>&nbsp;<\/p>\n<p>&nbsp;<\/p>\n<p>&nbsp;<\/p>\n<p>[\/vc_column_text][\/vc_column][\/vc_row][vc_row top_padding=&#8220;100&#8243; bottom_padding=&#8220;100&#8243; bg_position=&#8220;left top&#8220;][vc_column width=&#8220;1\/4&#8243;]<h2 class=\"headline font-special fontsize-m fontweight-700 lh-16 align-left transform-uppercase \" style=\"margin: 0;\">\nLASSEN SIE SICH VON DER NAT\u00dcRLICHKEIT DER MENSCHEN, DER QUALIT\u00c4T DER PRODUKTE UND DEN AUTHENTISCHEN WERTEN \u00dcBERZEUGEN.<\/p>\n<\/h2><div class=\"divider divider5\" style='margin:10px 0 0 0 !important;'><\/div>[\/vc_column][vc_column width=&#8220;3\/4&#8243;][vc_column_text]<\/p>\n<h3>Ein stilvolles und einladendes Ambienten<\/h3>\n<p>Die Osteria da Alvise ist vor allem anderen unser Heim, darum setzen wir unsere ganze Energie und Tatkraft daf\u00fcr ein, sie immer noch gem\u00fctlicher zu machen.<br \/>\nWir haben unsere Osteria renoviert und ihr einen neuen Stempel aufgedr\u00fcckt. Die R\u00e4ume strahlen eine famili\u00e4re Atmosph\u00e4re aus und die Osteria empf\u00e4ngt den Gast mit offenen Armen und mit dem aufrichtigen Wunsch, ihm an unserer Tafel Momente des unbeschwerten Genusses zu bereiten<\/p>\n<p>[\/vc_column_text][\/vc_column][\/vc_row][vc_row type=&#8220;full_width_section&#8220;][vc_column width=&#8220;1\/3&#8243;]<div class=\"single_image wpb_content_element align-left    \" data-animation=\"none\" data-delay=\"0\"><img loading=\"lazy\" decoding=\"async\" width=\"1348\" height=\"899\" src=\"https:\/\/www.osteriadaalvise.it\/wp-content\/uploads\/2015\/07\/IMG_7650.jpg\" class=\"attachment-full\" alt=\"\" title=\"IMG_7650\" srcset=\"https:\/\/www.osteriadaalvise.it\/wp-content\/uploads\/2015\/07\/IMG_7650.jpg 1348w, https:\/\/www.osteriadaalvise.it\/wp-content\/uploads\/2015\/07\/IMG_7650-300x200.jpg 300w, https:\/\/www.osteriadaalvise.it\/wp-content\/uploads\/2015\/07\/IMG_7650-1024x683.jpg 1024w, https:\/\/www.osteriadaalvise.it\/wp-content\/uploads\/2015\/07\/IMG_7650-600x400.jpg 600w\" sizes=\"(max-width: 1348px) 100vw, 1348px\" \/><\/div>[\/vc_column][vc_column width=&#8220;1\/3&#8243;]<div class=\"single_image wpb_content_element align-left    \" data-animation=\"none\" data-delay=\"0\"><img loading=\"lazy\" decoding=\"async\" width=\"1387\" height=\"925\" src=\"https:\/\/www.osteriadaalvise.it\/wp-content\/uploads\/2013\/01\/IMG_7594.jpg\" class=\"attachment-full\" alt=\"\" title=\"IMG_7594\" srcset=\"https:\/\/www.osteriadaalvise.it\/wp-content\/uploads\/2013\/01\/IMG_7594.jpg 1387w, https:\/\/www.osteriadaalvise.it\/wp-content\/uploads\/2013\/01\/IMG_7594-300x200.jpg 300w, https:\/\/www.osteriadaalvise.it\/wp-content\/uploads\/2013\/01\/IMG_7594-1024x683.jpg 1024w, https:\/\/www.osteriadaalvise.it\/wp-content\/uploads\/2013\/01\/IMG_7594-600x400.jpg 600w\" sizes=\"(max-width: 1387px) 100vw, 1387px\" \/><\/div>[\/vc_column][vc_column width=&#8220;1\/3&#8243;]<div class=\"single_image wpb_content_element align-left    \" data-animation=\"none\" data-delay=\"0\"><img loading=\"lazy\" decoding=\"async\" width=\"1348\" height=\"899\" src=\"https:\/\/www.osteriadaalvise.it\/wp-content\/uploads\/2015\/07\/IMG_7644.jpg\" class=\"attachment-full\" alt=\"\" title=\"IMG_7644\" srcset=\"https:\/\/www.osteriadaalvise.it\/wp-content\/uploads\/2015\/07\/IMG_7644.jpg 1348w, https:\/\/www.osteriadaalvise.it\/wp-content\/uploads\/2015\/07\/IMG_7644-300x200.jpg 300w, https:\/\/www.osteriadaalvise.it\/wp-content\/uploads\/2015\/07\/IMG_7644-1024x683.jpg 1024w, https:\/\/www.osteriadaalvise.it\/wp-content\/uploads\/2015\/07\/IMG_7644-600x400.jpg 600w\" sizes=\"(max-width: 1348px) 100vw, 1348px\" \/><\/div>[\/vc_column][\/vc_row][vc_row type=&#8220;full_width_section&#8220;][vc_column width=&#8220;1\/3&#8243;]<div class=\"single_image wpb_content_element align-left    \" data-animation=\"none\" data-delay=\"0\"><img loading=\"lazy\" decoding=\"async\" width=\"1390\" height=\"926\" src=\"https:\/\/www.osteriadaalvise.it\/wp-content\/uploads\/2013\/01\/IMG_7627.jpg\" class=\"attachment-full\" alt=\"\" title=\"IMG_7627\" srcset=\"https:\/\/www.osteriadaalvise.it\/wp-content\/uploads\/2013\/01\/IMG_7627.jpg 1390w, https:\/\/www.osteriadaalvise.it\/wp-content\/uploads\/2013\/01\/IMG_7627-300x200.jpg 300w, https:\/\/www.osteriadaalvise.it\/wp-content\/uploads\/2013\/01\/IMG_7627-1024x682.jpg 1024w, https:\/\/www.osteriadaalvise.it\/wp-content\/uploads\/2013\/01\/IMG_7627-600x400.jpg 600w\" sizes=\"(max-width: 1390px) 100vw, 1390px\" \/><\/div>[\/vc_column][vc_column width=&#8220;1\/3&#8243;]<div class=\"single_image wpb_content_element align-left    \" data-animation=\"none\" data-delay=\"0\"><img loading=\"lazy\" decoding=\"async\" width=\"1348\" height=\"899\" src=\"https:\/\/www.osteriadaalvise.it\/wp-content\/uploads\/2014\/09\/IMG_7657.jpg\" class=\"attachment-full\" alt=\"\" title=\"IMG_7657\" srcset=\"https:\/\/www.osteriadaalvise.it\/wp-content\/uploads\/2014\/09\/IMG_7657.jpg 1348w, https:\/\/www.osteriadaalvise.it\/wp-content\/uploads\/2014\/09\/IMG_7657-300x200.jpg 300w, https:\/\/www.osteriadaalvise.it\/wp-content\/uploads\/2014\/09\/IMG_7657-1024x683.jpg 1024w, https:\/\/www.osteriadaalvise.it\/wp-content\/uploads\/2014\/09\/IMG_7657-600x400.jpg 600w\" sizes=\"(max-width: 1348px) 100vw, 1348px\" \/><\/div>[\/vc_column][vc_column width=&#8220;1\/3&#8243;]<div class=\"single_image wpb_content_element align-left    \" data-animation=\"none\" data-delay=\"0\"><img loading=\"lazy\" decoding=\"async\" width=\"1348\" height=\"899\" src=\"https:\/\/www.osteriadaalvise.it\/wp-content\/uploads\/2020\/04\/osteria-da-alvise_insegna.jpg\" class=\"attachment-full\" alt=\"\" title=\"osteria-da-alvise_insegna\" srcset=\"https:\/\/www.osteriadaalvise.it\/wp-content\/uploads\/2020\/04\/osteria-da-alvise_insegna.jpg 1348w, https:\/\/www.osteriadaalvise.it\/wp-content\/uploads\/2020\/04\/osteria-da-alvise_insegna-300x200.jpg 300w, https:\/\/www.osteriadaalvise.it\/wp-content\/uploads\/2020\/04\/osteria-da-alvise_insegna-1024x683.jpg 1024w, https:\/\/www.osteriadaalvise.it\/wp-content\/uploads\/2020\/04\/osteria-da-alvise_insegna-768x512.jpg 768w, https:\/\/www.osteriadaalvise.it\/wp-content\/uploads\/2020\/04\/osteria-da-alvise_insegna-600x400.jpg 600w\" sizes=\"(max-width: 1348px) 100vw, 1348px\" \/><\/div>[\/vc_column][\/vc_row]<\/p>\n<\/div>","protected":false},"excerpt":{"rendered":"<p>[vc_row type=&#8220;full_width_section&#8220; bg_image=&#8220;15437&#8243; text_align=&#8220;center&#8220; top_padding=&#8220;0&#8243; bottom_padding=&#8220;0&#8243;][vc_column width=&#8220;1\/1&#8243;][vc_column_text] &nbsp; &nbsp; &nbsp; &nbsp; &nbsp; &nbsp; &nbsp; &nbsp; &nbsp; &nbsp; &nbsp; &nbsp; &nbsp; [\/vc_column_text][\/vc_column][\/vc_row][vc_row top_padding=&#8220;100&#8243; bottom_padding=&#8220;100&#8243; bg_position=&#8220;left top&#8220;][vc_column width=&#8220;1\/4&#8243;][\/vc_column][vc_column width=&#8220;3\/4&#8243;][vc_column_text] Ein stilvolles und einladendes Ambienten Die Osteria da Alvise ist vor allem anderen unser Heim, darum setzen wir unsere ganze Energie und Tatkraft daf\u00fcr ein, sie immer noch gem\u00fctlicher zu machen. Wir haben unsere Osteria renoviert und ihr einen neuen Stempel aufgedr\u00fcckt. Die R\u00e4ume strahlen eine famili\u00e4re Atmosph\u00e4re aus und die Osteria empf\u00e4ngt den Gast mit offenen Armen und mit dem aufrichtigen Wunsch, ihm an unserer Tafel Momente des unbeschwerten Genusses zu bereiten [\/vc_column_text][\/vc_column][\/vc_row][vc_row type=&#8220;full_width_section&#8220;][vc_column width=&#8220;1\/3&#8243;][\/vc_column][vc_column width=&#8220;1\/3&#8243;][\/vc_column][vc_column width=&#8220;1\/3&#8243;][\/vc_column][\/vc_row][vc_row type=&#8220;full_width_section&#8220;][vc_column width=&#8220;1\/3&#8243;][\/vc_column][vc_column width=&#8220;1\/3&#8243;][\/vc_column][vc_column width=&#8220;1\/3&#8243;][\/vc_column][\/vc_row]<\/p>\n","protected":false},"author":1,"featured_media":0,"parent":0,"menu_order":0,"comment_status":"closed","ping_status":"closed","template":"","meta":{"footnotes":""},"class_list":["post-15847","page","type-page","status-publish","hentry"],"_links":{"self":[{"href":"https:\/\/www.osteriadaalvise.it\/de\/wp-json\/wp\/v2\/pages\/15847"}],"collection":[{"href":"https:\/\/www.osteriadaalvise.it\/de\/wp-json\/wp\/v2\/pages"}],"about":[{"href":"https:\/\/www.osteriadaalvise.it\/de\/wp-json\/wp\/v2\/types\/page"}],"author":[{"embeddable":true,"href":"https:\/\/www.osteriadaalvise.it\/de\/wp-json\/wp\/v2\/users\/1"}],"replies":[{"embeddable":true,"href":"https:\/\/www.osteriadaalvise.it\/de\/wp-json\/wp\/v2\/comments?post=15847"}],"version-history":[{"count":4,"href":"https:\/\/www.osteriadaalvise.it\/de\/wp-json\/wp\/v2\/pages\/15847\/revisions"}],"predecessor-version":[{"id":16897,"href":"https:\/\/www.osteriadaalvise.it\/de\/wp-json\/wp\/v2\/pages\/15847\/revisions\/16897"}],"wp:attachment":[{"href":"https:\/\/www.osteriadaalvise.it\/de\/wp-json\/wp\/v2\/media?parent=15847"}],"curies":[{"name":"wp","href":"https:\/\/api.w.org\/{rel}","templated":true}]}}