{"id":15850,"date":"2016-01-13T09:17:44","date_gmt":"2016-01-13T08:17:44","guid":{"rendered":"https:\/\/www.osteriadaalvise.it\/offerte-e-eventi\/?lang=de"},"modified":"2016-02-02T14:48:51","modified_gmt":"2016-02-02T13:48:51","slug":"angebote-und-events","status":"publish","type":"page","link":"https:\/\/www.osteriadaalvise.it\/de\/angebote-und-events\/","title":{"rendered":"Angebote und Events"},"content":{"rendered":"<div class=\"wpb-content-wrapper\"><p>[vc_row type=&#8220;standard_section&#8220; bg_image=&#8220;&#8220; bg_repeat=&#8220;stretch&#8220; parallax_bg=&#8220;&#8220; stellar_class=&#8220;default&#8220; bg_color=&#8220;&#8220; section_arrow=&#8220;&#8220; video_bg=&#8220;&#8220; enable_video_color_overlay=&#8220;&#8220; video_overlay_color=&#8220;&#8220; video_webm=&#8220;&#8220; video_mp4=&#8220;&#8220; video_ogv=&#8220;&#8220; video_image=&#8220;&#8220; text_color=&#8220;dark&#8220; custom_text_color=&#8220;&#8220; text_align=&#8220;left&#8220; top_padding=&#8220;&#8220; bottom_padding=&#8220;&#8220; class=&#8220;&#8220; row_id=&#8220;&#8220;][vc_column animation=&#8220;none&#8220; bg_color=&#8220;&#8220; bg_image=&#8220;&#8220; column_padding=&#8220;no-padding&#8220; column_center=&#8220;&#8220; text_color=&#8220;dark&#8220; custom_text_color=&#8220;&#8220; text_align=&#8220;left&#8220; width=&#8220;1\/1&#8243;]<div class=\"spacer\" style=\"height: 40px;\"><\/div>[\/vc_column][\/vc_row][vc_row type=&#8220;standard_section&#8220; bg_image=&#8220;&#8220; bg_repeat=&#8220;stretch&#8220; parallax_bg=&#8220;&#8220; stellar_class=&#8220;default&#8220; bg_color=&#8220;&#8220; section_arrow=&#8220;&#8220; video_bg=&#8220;&#8220; enable_video_color_overlay=&#8220;&#8220; video_overlay_color=&#8220;&#8220; video_webm=&#8220;&#8220; video_mp4=&#8220;&#8220; video_ogv=&#8220;&#8220; video_image=&#8220;&#8220; text_color=&#8220;dark&#8220; custom_text_color=&#8220;&#8220; text_align=&#8220;left&#8220; top_padding=&#8220;&#8220; bottom_padding=&#8220;&#8220; class=&#8220;&#8220; row_id=&#8220;&#8220;][vc_column animation=&#8220;none&#8220; bg_color=&#8220;&#8220; bg_image=&#8220;&#8220; column_padding=&#8220;no-padding&#8220; column_center=&#8220;&#8220; text_color=&#8220;dark&#8220; custom_text_color=&#8220;&#8220; text_align=&#8220;left&#8220; width=&#8220;1\/1&#8243;]<div class=\"latest-blog style-grey\"\"><div class=\"blog-carousel\"><div class=\"blog-item\"><div class=\"blog-item-description\">\n\t\t\t\t\t\t\t<h4><a href=\"https:\/\/www.osteriadaalvise.it\/de\/traumurlaub\/\" title=\"TRAUMURLAUB\">TRAUMURLAUB<\/a><\/h4>\n\t\t\t\t\t  \t\t<div>G\u00f6nnen Sie sich einen Traumurlaub in Carnia: Aufenthalt von 4 N\u00e4chten in unserem Hotel mit einem wunderbaren Fr\u00fchst\u00fccksbuffet, 3-Tages-Skipass im&hellip;<\/div>\n\t\t\t\t\t  \t\t<span>9 Januar 2025<\/span>\n\t\t\t\t  \t\t<\/div><\/div><\/div><\/div><div class=\"clear\"><\/div>[\/vc_column][\/vc_row][vc_row type=&#8220;standard_section&#8220; bg_image=&#8220;&#8220; bg_repeat=&#8220;stretch&#8220; parallax_bg=&#8220;&#8220; stellar_class=&#8220;default&#8220; bg_color=&#8220;&#8220; section_arrow=&#8220;&#8220; video_bg=&#8220;&#8220; enable_video_color_overlay=&#8220;&#8220; video_overlay_color=&#8220;&#8220; video_webm=&#8220;&#8220; video_mp4=&#8220;&#8220; video_ogv=&#8220;&#8220; video_image=&#8220;&#8220; text_color=&#8220;dark&#8220; custom_text_color=&#8220;&#8220; text_align=&#8220;left&#8220; top_padding=&#8220;&#8220; bottom_padding=&#8220;&#8220; class=&#8220;&#8220; row_id=&#8220;&#8220;][vc_column animation=&#8220;none&#8220; bg_color=&#8220;&#8220; bg_image=&#8220;&#8220; column_padding=&#8220;no-padding&#8220; column_center=&#8220;&#8220; text_color=&#8220;dark&#8220; custom_text_color=&#8220;&#8220; text_align=&#8220;left&#8220; width=&#8220;1\/1&#8243;]<div class=\"spacer\" style=\"height: 40px;\"><\/div>[\/vc_column][\/vc_row]<\/p>\n<\/div>","protected":false},"excerpt":{"rendered":"<p>[vc_row type=&#8220;standard_section&#8220; bg_image=&#8220;&#8220; bg_repeat=&#8220;stretch&#8220; parallax_bg=&#8220;&#8220; stellar_class=&#8220;default&#8220; bg_color=&#8220;&#8220; section_arrow=&#8220;&#8220; video_bg=&#8220;&#8220; enable_video_color_overlay=&#8220;&#8220; video_overlay_color=&#8220;&#8220; video_webm=&#8220;&#8220; video_mp4=&#8220;&#8220; video_ogv=&#8220;&#8220; video_image=&#8220;&#8220; text_color=&#8220;dark&#8220; custom_text_color=&#8220;&#8220; text_align=&#8220;left&#8220; top_padding=&#8220;&#8220; bottom_padding=&#8220;&#8220; class=&#8220;&#8220; row_id=&#8220;&#8220;][vc_column animation=&#8220;none&#8220; bg_color=&#8220;&#8220; bg_image=&#8220;&#8220; column_padding=&#8220;no-padding&#8220; column_center=&#8220;&#8220; text_color=&#8220;dark&#8220; custom_text_color=&#8220;&#8220; text_align=&#8220;left&#8220; width=&#8220;1\/1&#8243;][\/vc_column][\/vc_row][vc_row type=&#8220;standard_section&#8220; bg_image=&#8220;&#8220; bg_repeat=&#8220;stretch&#8220; parallax_bg=&#8220;&#8220; stellar_class=&#8220;default&#8220; bg_color=&#8220;&#8220; section_arrow=&#8220;&#8220; video_bg=&#8220;&#8220; enable_video_color_overlay=&#8220;&#8220; video_overlay_color=&#8220;&#8220; video_webm=&#8220;&#8220; video_mp4=&#8220;&#8220; video_ogv=&#8220;&#8220; video_image=&#8220;&#8220; text_color=&#8220;dark&#8220; custom_text_color=&#8220;&#8220; text_align=&#8220;left&#8220; top_padding=&#8220;&#8220; bottom_padding=&#8220;&#8220; class=&#8220;&#8220; row_id=&#8220;&#8220;][vc_column animation=&#8220;none&#8220; bg_color=&#8220;&#8220; bg_image=&#8220;&#8220; column_padding=&#8220;no-padding&#8220; column_center=&#8220;&#8220; text_color=&#8220;dark&#8220; custom_text_color=&#8220;&#8220; text_align=&#8220;left&#8220; width=&#8220;1\/1&#8243;][\/vc_column][\/vc_row][vc_row type=&#8220;standard_section&#8220; bg_image=&#8220;&#8220; bg_repeat=&#8220;stretch&#8220; parallax_bg=&#8220;&#8220; stellar_class=&#8220;default&#8220; bg_color=&#8220;&#8220; section_arrow=&#8220;&#8220; video_bg=&#8220;&#8220; enable_video_color_overlay=&#8220;&#8220; video_overlay_color=&#8220;&#8220; video_webm=&#8220;&#8220; video_mp4=&#8220;&#8220; video_ogv=&#8220;&#8220; video_image=&#8220;&#8220; text_color=&#8220;dark&#8220; custom_text_color=&#8220;&#8220; text_align=&#8220;left&#8220; top_padding=&#8220;&#8220; bottom_padding=&#8220;&#8220; class=&#8220;&#8220; row_id=&#8220;&#8220;][vc_column animation=&#8220;none&#8220; bg_color=&#8220;&#8220; bg_image=&#8220;&#8220; column_padding=&#8220;no-padding&#8220; column_center=&#8220;&#8220; text_color=&#8220;dark&#8220; custom_text_color=&#8220;&#8220; text_align=&#8220;left&#8220; width=&#8220;1\/1&#8243;][\/vc_column][\/vc_row]<\/p>\n","protected":false},"author":1,"featured_media":0,"parent":0,"menu_order":0,"comment_status":"closed","ping_status":"closed","template":"","meta":{"footnotes":""},"class_list":["post-15850","page","type-page","status-publish","hentry"],"_links":{"self":[{"href":"https:\/\/www.osteriadaalvise.it\/de\/wp-json\/wp\/v2\/pages\/15850"}],"collection":[{"href":"https:\/\/www.osteriadaalvise.it\/de\/wp-json\/wp\/v2\/pages"}],"about":[{"href":"https:\/\/www.osteriadaalvise.it\/de\/wp-json\/wp\/v2\/types\/page"}],"author":[{"embeddable":true,"href":"https:\/\/www.osteriadaalvise.it\/de\/wp-json\/wp\/v2\/users\/1"}],"replies":[{"embeddable":true,"href":"https:\/\/www.osteriadaalvise.it\/de\/wp-json\/wp\/v2\/comments?post=15850"}],"version-history":[{"count":2,"href":"https:\/\/www.osteriadaalvise.it\/de\/wp-json\/wp\/v2\/pages\/15850\/revisions"}],"predecessor-version":[{"id":15874,"href":"https:\/\/www.osteriadaalvise.it\/de\/wp-json\/wp\/v2\/pages\/15850\/revisions\/15874"}],"wp:attachment":[{"href":"https:\/\/www.osteriadaalvise.it\/de\/wp-json\/wp\/v2\/media?parent=15850"}],"curies":[{"name":"wp","href":"https:\/\/api.w.org\/{rel}","templated":true}]}}