{"id":15851,"date":"2016-01-12T15:03:09","date_gmt":"2016-01-12T14:03:09","guid":{"rendered":"https:\/\/www.osteriadaalvise.it\/politica-di-cancellazione\/?lang=de"},"modified":"2020-05-20T14:21:54","modified_gmt":"2020-05-20T12:21:54","slug":"stornierungspolitik","status":"publish","type":"page","link":"https:\/\/www.osteriadaalvise.it\/de\/stornierungspolitik\/","title":{"rendered":"Stornierungspolitik"},"content":{"rendered":"<div class=\"wpb-content-wrapper\"><p>[vc_row type=&#8220;full_width_section&#8220; bg_image=&#8220;15483&#8243; parallax_bg=&#8220;true&#8220; bg_color=&#8220;#1cbac8&#8243; top_padding=&#8220;0&#8243; bottom_padding=&#8220;0&#8243;][vc_column width=&#8220;1\/1&#8243;][vc_column_text]<\/p>\n<p>&nbsp;<\/p>\n<p>&nbsp;<\/p>\n<p>&nbsp;<\/p>\n<p>&nbsp;<\/p>\n<p>&nbsp;<\/p>\n<p>&nbsp;<\/p>\n<p>&nbsp;<\/p>\n<p>&nbsp;<\/p>\n<p>[\/vc_column_text][\/vc_column][\/vc_row][vc_row][vc_column width=&#8220;1\/1&#8243;]<div class=\"spacer\" style=\"height: 40px;\"><\/div>[\/vc_column][\/vc_row][vc_row][vc_column width=&#8220;1\/1&#8243;][vc_column_text]<\/p>\n<h3>Stornierungspolitik<\/h3>\n<p>Gem\u00e4\u00df Verbraucherschutzgesetz besteht nach erfolgter Reservierung des Zimmers kein Recht auf Stornierung.<br \/>\nTrotzdem bieten wir die folgenden Stornierungsbedingungen:<br \/>\nBei Stornierung bis 11 Tage vor der vorgesehenen Ankunft wird die Anzahlung f\u00fcr einen sp\u00e4teren Aufenthalt des Gastes zur\u00fcckgelegt.Unter 10 Tagen geht die Anzahlung verloren.Versp\u00e4tete Ank\u00fcnfte, verfr\u00fchte Abfahrten und nicht erfolgte Ank\u00fcnfte werden zu 100% berechnet.Kontaktieren Sie uns f\u00fcr weitere Kl\u00e4rungen.<\/p>\n<h3>Buchungspolitik<\/h3>\n<p>Im Augenblick der Reservierung verlangen wir eine Best\u00e4tigungsanzahlung:bei Aufenthalten bis zu 3 N\u00e4chten gleich dem Preis der ersten \u00dcbernachtung.Bei Aufenthalten ab 3 N\u00e4chten gleich 30%.An den Wochenenden sollten mindestens 2 \u00dcbernachtungen eingeplant werden.<\/p>\n<h3>Preispolitik<\/h3>\n<p>Zuschlag f\u00fcr 1 \u00dcbernachtung: \u20ac 10\/20 pro Zimmer.<br \/>\nZuschlag f\u00fcr Doppelzimmer mit Einzelbelegung: \u20ac 5\/10.[\/vc_column_text][\/vc_column][\/vc_row][vc_row][vc_column width=&#8220;1\/1&#8243;]<div class=\"spacer\" style=\"height: 40px;\"><\/div>[\/vc_column][\/vc_row]<\/p>\n<\/div>","protected":false},"excerpt":{"rendered":"<p>[vc_row type=&#8220;full_width_section&#8220; bg_image=&#8220;15483&#8243; parallax_bg=&#8220;true&#8220; bg_color=&#8220;#1cbac8&#8243; top_padding=&#8220;0&#8243; bottom_padding=&#8220;0&#8243;][vc_column width=&#8220;1\/1&#8243;][vc_column_text] &nbsp; &nbsp; &nbsp; &nbsp; &nbsp; &nbsp; &nbsp; &nbsp; [\/vc_column_text][\/vc_column][\/vc_row][vc_row][vc_column width=&#8220;1\/1&#8243;][\/vc_column][\/vc_row][vc_row][vc_column width=&#8220;1\/1&#8243;][vc_column_text] Stornierungspolitik Gem\u00e4\u00df Verbraucherschutzgesetz besteht nach erfolgter Reservierung des Zimmers kein Recht auf Stornierung. Trotzdem bieten wir die folgenden Stornierungsbedingungen: Bei Stornierung bis 11 Tage vor der vorgesehenen Ankunft wird die Anzahlung f\u00fcr einen sp\u00e4teren Aufenthalt des Gastes zur\u00fcckgelegt.Unter 10 Tagen geht die Anzahlung verloren.Versp\u00e4tete Ank\u00fcnfte, verfr\u00fchte Abfahrten und nicht erfolgte Ank\u00fcnfte werden zu 100% berechnet.Kontaktieren Sie uns f\u00fcr weitere Kl\u00e4rungen. Buchungspolitik Im Augenblick der Reservierung verlangen wir eine Best\u00e4tigungsanzahlung:bei Aufenthalten bis zu 3 N\u00e4chten gleich dem Preis der ersten \u00dcbernachtung.Bei Aufenthalten ab 3 N\u00e4chten gleich 30%.An den Wochenenden sollten mindestens 2 \u00dcbernachtungen eingeplant werden. Preispolitik Zuschlag f\u00fcr 1 \u00dcbernachtung: \u20ac 10\/20 pro Zimmer. Zuschlag f\u00fcr Doppelzimmer mit Einzelbelegung: \u20ac 5\/10.[\/vc_column_text][\/vc_column][\/vc_row][vc_row][vc_column width=&#8220;1\/1&#8243;][\/vc_column][\/vc_row]<\/p>\n","protected":false},"author":1,"featured_media":0,"parent":0,"menu_order":0,"comment_status":"closed","ping_status":"closed","template":"","meta":{"footnotes":""},"class_list":["post-15851","page","type-page","status-publish","hentry"],"_links":{"self":[{"href":"https:\/\/www.osteriadaalvise.it\/de\/wp-json\/wp\/v2\/pages\/15851"}],"collection":[{"href":"https:\/\/www.osteriadaalvise.it\/de\/wp-json\/wp\/v2\/pages"}],"about":[{"href":"https:\/\/www.osteriadaalvise.it\/de\/wp-json\/wp\/v2\/types\/page"}],"author":[{"embeddable":true,"href":"https:\/\/www.osteriadaalvise.it\/de\/wp-json\/wp\/v2\/users\/1"}],"replies":[{"embeddable":true,"href":"https:\/\/www.osteriadaalvise.it\/de\/wp-json\/wp\/v2\/comments?post=15851"}],"version-history":[{"count":3,"href":"https:\/\/www.osteriadaalvise.it\/de\/wp-json\/wp\/v2\/pages\/15851\/revisions"}],"predecessor-version":[{"id":16950,"href":"https:\/\/www.osteriadaalvise.it\/de\/wp-json\/wp\/v2\/pages\/15851\/revisions\/16950"}],"wp:attachment":[{"href":"https:\/\/www.osteriadaalvise.it\/de\/wp-json\/wp\/v2\/media?parent=15851"}],"curies":[{"name":"wp","href":"https:\/\/api.w.org\/{rel}","templated":true}]}}