{"id":15852,"date":"2015-07-13T17:32:18","date_gmt":"2015-07-13T15:32:18","guid":{"rendered":"https:\/\/www.osteriadaalvise.it\/sutrio-zoncolan\/?lang=de"},"modified":"2016-02-02T16:08:09","modified_gmt":"2016-02-02T15:08:09","slug":"sutrio-zoncolan","status":"publish","type":"page","link":"https:\/\/www.osteriadaalvise.it\/de\/sutrio-zoncolan\/","title":{"rendered":"Sutrio Zoncolan"},"content":{"rendered":"<div class=\"wpb-content-wrapper\"><p>[vc_row type=&#8220;full_width_section&#8220; bg_image=&#8220;15421&#8243; bg_repeat=&#8220;stretch&#8220; parallax_bg=&#8220;&#8220; stellar_class=&#8220;default&#8220; bg_color=&#8220;#1cbac8&#8243; section_arrow=&#8220;&#8220; video_bg=&#8220;&#8220; enable_video_color_overlay=&#8220;&#8220; text_color=&#8220;dark&#8220; text_align=&#8220;left&#8220; top_padding=&#8220;0&#8243; bottom_padding=&#8220;0&#8243; bg_position=&#8220;center center&#8220;][vc_column animation=&#8220;none&#8220; bg_color=&#8220;&#8220; bg_image=&#8220;&#8220; column_padding=&#8220;no-padding&#8220; column_center=&#8220;&#8220; text_color=&#8220;dark&#8220; custom_text_color=&#8220;&#8220; text_align=&#8220;left&#8220; width=&#8220;1\/1&#8243;][vc_column_text]<\/p>\n<p>&nbsp;<\/p>\n<p>&nbsp;<\/p>\n<p>&nbsp;<\/p>\n<p>&nbsp;<\/p>\n<p>&nbsp;<\/p>\n<p>&nbsp;<\/p>\n<p>&nbsp;<\/p>\n<p>&nbsp;<\/p>\n<p>&nbsp;<\/p>\n<p>&nbsp;<\/p>\n<p>[\/vc_column_text][\/vc_column][\/vc_row][vc_row type=&#8220;standard_section&#8220; bg_image=&#8220;&#8220; bg_repeat=&#8220;stretch&#8220; parallax_bg=&#8220;&#8220; stellar_class=&#8220;default&#8220; bg_color=&#8220;&#8220; section_arrow=&#8220;&#8220; video_bg=&#8220;&#8220; enable_video_color_overlay=&#8220;&#8220; video_overlay_color=&#8220;&#8220; video_webm=&#8220;&#8220; video_mp4=&#8220;&#8220; video_ogv=&#8220;&#8220; video_image=&#8220;&#8220; text_color=&#8220;dark&#8220; custom_text_color=&#8220;&#8220; text_align=&#8220;left&#8220; top_padding=&#8220;100&#8243; bottom_padding=&#8220;100&#8243; class=&#8220;&#8220; row_id=&#8220;&#8220;][vc_column animation=&#8220;none&#8220; column_padding=&#8220;no-padding&#8220; column_center=&#8220;&#8220; text_color=&#8220;dark&#8220; text_align=&#8220;center&#8220; width=&#8220;1\/1&#8243;]<h1 class=\"headline font-special fontsize-xxxl fontweight-700 lh-13 align-center transform-inherit lowercase\" style=\"margin: 0 0 20px 0; color: #000000;\">\n<p>Sutrio &#8211; Zoncolan<\/p>\n<\/h1><div class=\"headline font-inherit fontsize-xxl fontweight-300 lh-inherit align-center transform-inherit \" style=\"margin: 0; color: #000000;\">\n<p>Wo die Zeit dem Rhythmus der Jahreszeiten folgt.<\/p>\n<\/div><div class=\"headline font-inherit fontsize-m fontweight-inherit lh-19 align-center transform-inherit \" style=\"margin: 0; color: #666666;\">An der antiken \u201eVia Iulia Augusta\u201d, an den H\u00e4ngen des Monte Zoncolan gelegen, pr\u00e4sentiert sich Sutrio mit dem liebevoll wiederhergestellten Ortskern mit den typischen Steinh\u00e4usern und den engen gepflasterten G\u00e4sschen. In jedem Winkel und jeder Stra\u00dfenkreuzung des Ortes k\u00f6nnen intakt gebliebene Geb\u00e4ude, Br\u00e4uche und Traditionen, Aromen und Wissen entdeckt werden, die dazu einladen, die unverf\u00e4lschte Gastlichkeit der Bergwelt zu genie\u00dfen. Hier folgt die Zeit dem Rhythmus der Jahreszeiten, der Umgang ist liebensw\u00fcrdig und die Gef\u00fchle sind echt.<br \/>\n<\/div>[\/vc_column][\/vc_row][vc_row type=&#8220;full_width_section&#8220; bg_image=&#8220;&#8220; bg_repeat=&#8220;stretch&#8220; parallax_bg=&#8220;&#8220; stellar_class=&#8220;default&#8220; bg_color=&#8220;&#8220; section_arrow=&#8220;&#8220; video_bg=&#8220;&#8220; enable_video_color_overlay=&#8220;&#8220; video_overlay_color=&#8220;&#8220; video_webm=&#8220;&#8220; video_mp4=&#8220;&#8220; video_ogv=&#8220;&#8220; video_image=&#8220;&#8220; text_color=&#8220;dark&#8220; custom_text_color=&#8220;&#8220; text_align=&#8220;left&#8220; top_padding=&#8220;&#8220; bottom_padding=&#8220;&#8220; class=&#8220;&#8220; row_id=&#8220;&#8220; bg_position=&#8220;left top&#8220;][vc_column animation=&#8220;none&#8220; bg_color=&#8220;#4e4641&#8243; column_padding=&#8220;padding-5&#8243; column_center=&#8220;true&#8220; text_color=&#8220;light&#8220; text_align=&#8220;left&#8220; width=&#8220;1\/3&#8243;][vc_column_text]<\/p>\n<h1>Sutrio<\/h1>\n<p><strong>Sutrio<\/strong>, dessen Name erstmals in einem Dokument aus dem Jahre 1300 erw\u00e4hnt wird, war eine der ersten Ansiedlungen im Oberen Tal des B\u00fbt. Das Dorf ist fraglos eine der charakteristischsten Ortschaften der Carnia, mit dem liebevoll wiederhergestellten Ortskern, den typischen Steinh\u00e4usern und den schmalen gepflasterten Str\u00e4\u00dfchen, die den Ort umgeben.[\/vc_column_text][\/vc_column][vc_column animation=&#8220;none&#8220; bg_image=&#8220;15474&#8243; column_padding=&#8220;padding-5&#8243; column_center=&#8220;true&#8220; text_color=&#8220;dark&#8220; text_align=&#8220;left&#8220; width=&#8220;1\/3&#8243;]<div class=\"spacer\" style=\"height: 200px;\"><\/div>[\/vc_column][vc_column animation=&#8220;none&#8220; bg_color=&#8220;#fafafa&#8220; bg_image=&#8220;15470&#8243; column_padding=&#8220;padding-5&#8243; column_center=&#8220;true&#8220; text_color=&#8220;dark&#8220; text_align=&#8220;left&#8220; width=&#8220;1\/3&#8243;]<div class=\"spacer\" style=\"height: 200px;\"><\/div>[\/vc_column][\/vc_row][vc_row type=&#8220;full_width_section&#8220; bg_image=&#8220;&#8220; bg_repeat=&#8220;stretch&#8220; parallax_bg=&#8220;&#8220; stellar_class=&#8220;default&#8220; bg_color=&#8220;&#8220; section_arrow=&#8220;&#8220; video_bg=&#8220;&#8220; enable_video_color_overlay=&#8220;&#8220; video_overlay_color=&#8220;&#8220; video_webm=&#8220;&#8220; video_mp4=&#8220;&#8220; video_ogv=&#8220;&#8220; video_image=&#8220;&#8220; text_color=&#8220;dark&#8220; custom_text_color=&#8220;&#8220; text_align=&#8220;left&#8220; top_padding=&#8220;&#8220; bottom_padding=&#8220;&#8220; class=&#8220;&#8220; row_id=&#8220;&#8220; bg_position=&#8220;left top&#8220;][vc_column animation=&#8220;none&#8220; bg_image=&#8220;15473&#8243; column_padding=&#8220;padding-5&#8243; column_center=&#8220;true&#8220; text_color=&#8220;dark&#8220; text_align=&#8220;left&#8220; width=&#8220;1\/3&#8243;]<div class=\"spacer\" style=\"height: 200px;\"><\/div>[\/vc_column][vc_column animation=&#8220;none&#8220; bg_color=&#8220;#d9d1c1&#8243; column_padding=&#8220;padding-5&#8243; column_center=&#8220;true&#8220; text_color=&#8220;light&#8220; text_align=&#8220;left&#8220; width=&#8220;1\/3&#8243;][vc_column_text]<\/p>\n<h3 class=\"font-special\">MONTE ZONCOLAN DAS GANZE JAHR<\/h3>\n<p>Die M\u00f6glichkeiten f\u00fcr\u00a0sommerliche Ausfl\u00fcge\u00a0sind unz\u00e4hlig: ausgehend von der breiten Fahrstra\u00dfe zum\u00a0<strong>Monte Zoncolan<\/strong>. Von hier aus kann unter vielen Wanderungen gew\u00e4hlt werden: der Rundweg des Monte Tamai, \u00fcber den die sch\u00f6nsten <strong>\u201eCasere\u201c (Almh\u00fctten)<\/strong> der Gegend erreicht werden k\u00f6nnen, wie die Casera Agareit, Casera Tamai und der Agrotourismus Casera Marmoreana.Im\u00a0Winter wird <strong>Sutrio<\/strong> zu einem gefragten Wintersportzentrum: Lifte und Bergbahnen bringen zu den Gipfeln des <strong>Monte Zoncolan (1750 m) und Tamai (1970 m)<\/strong>.[\/vc_column_text][\/vc_column][vc_column animation=&#8220;none&#8220; bg_image=&#8220;15475&#8243; column_padding=&#8220;padding-5&#8243; column_center=&#8220;true&#8220; text_color=&#8220;dark&#8220; text_align=&#8220;left&#8220; width=&#8220;1\/3&#8243;]<div class=\"spacer\" style=\"height: 200px;\"><\/div>[\/vc_column][\/vc_row][vc_row type=&#8220;full_width_section&#8220; bg_image=&#8220;&#8220; bg_repeat=&#8220;stretch&#8220; parallax_bg=&#8220;&#8220; stellar_class=&#8220;default&#8220; bg_color=&#8220;&#8220; section_arrow=&#8220;&#8220; video_bg=&#8220;&#8220; enable_video_color_overlay=&#8220;&#8220; video_overlay_color=&#8220;&#8220; video_webm=&#8220;&#8220; video_mp4=&#8220;&#8220; video_ogv=&#8220;&#8220; video_image=&#8220;&#8220; text_color=&#8220;dark&#8220; custom_text_color=&#8220;&#8220; text_align=&#8220;left&#8220; top_padding=&#8220;&#8220; bottom_padding=&#8220;&#8220; class=&#8220;&#8220; row_id=&#8220;&#8220; bg_position=&#8220;left top&#8220;][vc_column animation=&#8220;none&#8220; bg_color=&#8220;&#8220; bg_image=&#8220;&#8220; column_padding=&#8220;no-padding&#8220; column_center=&#8220;&#8220; text_color=&#8220;dark&#8220; custom_text_color=&#8220;&#8220; text_align=&#8220;left&#8220; width=&#8220;1\/1&#8243;]<div class=\"divider divider1\" style='margin:0 !important;'><\/div>[\/vc_column][\/vc_row][vc_row type=&#8220;standard_section&#8220; bg_image=&#8220;&#8220; bg_repeat=&#8220;stretch&#8220; parallax_bg=&#8220;&#8220; stellar_class=&#8220;default&#8220; bg_color=&#8220;&#8220; section_arrow=&#8220;&#8220; video_bg=&#8220;&#8220; enable_video_color_overlay=&#8220;&#8220; video_overlay_color=&#8220;&#8220; video_webm=&#8220;&#8220; video_mp4=&#8220;&#8220; video_ogv=&#8220;&#8220; video_image=&#8220;&#8220; text_color=&#8220;dark&#8220; custom_text_color=&#8220;&#8220; text_align=&#8220;left&#8220; top_padding=&#8220;120&#8243; bottom_padding=&#8220;80&#8243; class=&#8220;&#8220; row_id=&#8220;&#8220; bg_position=&#8220;left top&#8220;][vc_column animation=&#8220;none&#8220; bg_color=&#8220;&#8220; bg_image=&#8220;&#8220; column_padding=&#8220;no-padding&#8220; column_center=&#8220;&#8220; text_color=&#8220;dark&#8220; custom_text_color=&#8220;&#8220; text_align=&#8220;left&#8220; width=&#8220;1\/1&#8243;]<h2 class=\"headline font-special fontsize-xl fontweight-700 lh-inherit align-center transform-uppercase \" style=\"margin: 0 0 20px 0;\">\n<p>SUTRIO ERWARTET SIE\u2026ZU SEINEN EVENTS.<\/p>\n<\/h2>[vc_row_inner][vc_column_inner el_class=&#8220;&#8220; animation=&#8220;none&#8220; width=&#8220;1\/3&#8243;][vc_column_text]<\/p>\n<h6>DIE CJARSONS: KARNISCHE TRADITION<\/h6>\n<p>Beim Schlendern durch die Stra\u00dfen des Dorfes kann man die mannigfaltigen Aromen kosten, die verschiedenen F\u00fcllungen, die ein Gericht ausmachen, das zwar eher frugal ist, dessen komplexe Zubereitung und erlesenen Zutaten jedoch denen eines Sterne-Restaurants entsprechen.<br \/>\n<strong>Erster Sonntag im Juni<\/strong>[\/vc_column_text][\/vc_column_inner][vc_column_inner el_class=&#8220;&#8220; animation=&#8220;none&#8220; width=&#8220;1\/3&#8243;][vc_column_text]<\/p>\n<h6>FASIN LA MEDE (HEUERNTE)<\/h6>\n<p>Am letzten Sonntag im Juli, wenn die Flora ihren H\u00f6hepunkt erreicht hat, findet auf dem Monte Zoncolan einer der \u00e4ltesten, traditionellen Br\u00e4uche statt, die Heuernte, ein gro\u00dfes Wiesenfest mit Speisen, Musik und Tanz.<strong><br \/>\nLetzter Sonntag im Juli<\/strong>[\/vc_column_text][\/vc_column_inner][vc_column_inner el_class=&#8220;&#8220; animation=&#8220;none&#8220; width=&#8220;1\/3&#8243;][vc_column_text]<\/p>\n<h6>BORGHI E PRESEPI (D\u00d6RFER UND KRIPPEN)<\/h6>\n<p>Eine Pr\u00e4sentation von handwerklich gefertigten Krippen, die auf einem Rundgang durch Innenh\u00f6fe, Bogeng\u00e4nge, und Keller der typischen H\u00e4user der Ortschaften von Sutrio besichtigt werden k\u00f6nnen.<br \/>\n<strong>Von Weihnachten bis zum Dreik\u00f6nigsfest<\/strong>[\/vc_column_text][\/vc_column_inner][\/vc_row_inner][vc_row_inner el_id=&#8220;&#8220;][vc_column_inner el_class=&#8220;&#8220; animation=&#8220;none&#8220; width=&#8220;1\/3&#8243;][vc_column_text]<\/p>\n<h6>FARINE DI FLOR (WEIZENMEHL)<\/h6>\n<p>\u201eWasser und Brot werden zur K\u00f6stlichkeit, wenn man Hunger hat\u201c.Wenn wir das Wasser durch Wein ersetzen, dann kommen wir dem Gedanken des Festes \u201eFarine di Flor\u201c schon sehr nahe, denn es ist ein k\u00f6stlicher, suggestiver gastronomischer Ausflug mit \u201eVerkostung in den M\u00fchlen\u201c.<br \/>\n<strong>Zweiter Sonntag im Oktober<\/strong>[\/vc_column_text][\/vc_column_inner][vc_column_inner el_class=&#8220;&#8220; animation=&#8220;none&#8220; width=&#8220;1\/3&#8243;][vc_column_text]<\/p>\n<h6>FUMS, PROFUMS E SALUMS (GER\u00c4UCHERTE SPEZIALIT\u00c4TEN)<\/h6>\n<p>Suggestive gastronomische Reise durch die Welt der Salami, K\u00f6nigin der Karnischen Tafeln, die von jedem Erzeuger anders interpretiert wird. So kann man die verschiedenen Zubereitungen der Salami miteinander vergleichen, ungew\u00f6hnliche Alternativen und einige traditionelle Gerichte entdecken, die von erlesenen Weinen aus Friaul Julisch Venetien begleitet werden.<br \/>\n<strong>Erster Sonntag im M\u00e4rz<\/strong>[\/vc_column_text][\/vc_column_inner][vc_column_inner el_class=&#8220;&#8220; animation=&#8220;none&#8220; width=&#8220;1\/3&#8243;][vc_column_text]<\/p>\n<h6>MAGIA DEL LEGNO (MAGIE DES HOLZES)<\/h6>\n<p>Sutrio verwandelt sich in eine gro\u00dfe, quirlige Werkst\u00e4tte, in der das Talent der Holzschnitzer bewundert werden kann. Die Besucher k\u00f6nnen hier dabei zusehen, wie geschickte H\u00e4nde das Holz bearbeiten.<br \/>\n<strong>Erster Sonntag im September<br \/>\n<\/strong>[\/vc_column_text][\/vc_column_inner][\/vc_row_inner][\/vc_column][\/vc_row]<\/p>\n<\/div>","protected":false},"excerpt":{"rendered":"<p>[vc_row type=&#8220;full_width_section&#8220; bg_image=&#8220;15421&#8243; bg_repeat=&#8220;stretch&#8220; parallax_bg=&#8220;&#8220; stellar_class=&#8220;default&#8220; bg_color=&#8220;#1cbac8&#8243; section_arrow=&#8220;&#8220; video_bg=&#8220;&#8220; enable_video_color_overlay=&#8220;&#8220; text_color=&#8220;dark&#8220; text_align=&#8220;left&#8220; top_padding=&#8220;0&#8243; bottom_padding=&#8220;0&#8243; bg_position=&#8220;center center&#8220;][vc_column animation=&#8220;none&#8220; bg_color=&#8220;&#8220; bg_image=&#8220;&#8220; column_padding=&#8220;no-padding&#8220; column_center=&#8220;&#8220; text_color=&#8220;dark&#8220; custom_text_color=&#8220;&#8220; text_align=&#8220;left&#8220; width=&#8220;1\/1&#8243;][vc_column_text] &nbsp; &nbsp; &nbsp; &nbsp; &nbsp; &nbsp; &nbsp; &nbsp; &nbsp; &nbsp; [\/vc_column_text][\/vc_column][\/vc_row][vc_row type=&#8220;standard_section&#8220; bg_image=&#8220;&#8220; bg_repeat=&#8220;stretch&#8220; parallax_bg=&#8220;&#8220; stellar_class=&#8220;default&#8220; bg_color=&#8220;&#8220; section_arrow=&#8220;&#8220; video_bg=&#8220;&#8220; enable_video_color_overlay=&#8220;&#8220; video_overlay_color=&#8220;&#8220; video_webm=&#8220;&#8220; video_mp4=&#8220;&#8220; video_ogv=&#8220;&#8220; video_image=&#8220;&#8220; text_color=&#8220;dark&#8220; custom_text_color=&#8220;&#8220; text_align=&#8220;left&#8220; top_padding=&#8220;100&#8243; bottom_padding=&#8220;100&#8243; class=&#8220;&#8220; row_id=&#8220;&#8220;][vc_column animation=&#8220;none&#8220; column_padding=&#8220;no-padding&#8220; column_center=&#8220;&#8220; text_color=&#8220;dark&#8220; text_align=&#8220;center&#8220; width=&#8220;1\/1&#8243;][\/vc_column][\/vc_row][vc_row type=&#8220;full_width_section&#8220; bg_image=&#8220;&#8220; bg_repeat=&#8220;stretch&#8220; parallax_bg=&#8220;&#8220; stellar_class=&#8220;default&#8220; bg_color=&#8220;&#8220; section_arrow=&#8220;&#8220; video_bg=&#8220;&#8220; enable_video_color_overlay=&#8220;&#8220; video_overlay_color=&#8220;&#8220; video_webm=&#8220;&#8220; video_mp4=&#8220;&#8220; video_ogv=&#8220;&#8220; video_image=&#8220;&#8220; text_color=&#8220;dark&#8220; custom_text_color=&#8220;&#8220; text_align=&#8220;left&#8220; top_padding=&#8220;&#8220; bottom_padding=&#8220;&#8220; class=&#8220;&#8220; row_id=&#8220;&#8220; bg_position=&#8220;left top&#8220;][vc_column animation=&#8220;none&#8220; bg_color=&#8220;#4e4641&#8243; column_padding=&#8220;padding-5&#8243; column_center=&#8220;true&#8220; text_color=&#8220;light&#8220; text_align=&#8220;left&#8220; width=&#8220;1\/3&#8243;][vc_column_text] Sutrio Sutrio, dessen Name erstmals in einem Dokument aus dem Jahre 1300 erw\u00e4hnt wird, war eine der ersten Ansiedlungen im Oberen Tal des B\u00fbt. Das Dorf ist fraglos eine der charakteristischsten Ortschaften der Carnia, mit dem liebevoll wiederhergestellten Ortskern, den typischen Steinh\u00e4usern und den schmalen gepflasterten Str\u00e4\u00dfchen, die den Ort umgeben.[\/vc_column_text][\/vc_column][vc_column animation=&#8220;none&#8220; bg_image=&#8220;15474&#8243; column_padding=&#8220;padding-5&#8243; column_center=&#8220;true&#8220; text_color=&#8220;dark&#8220; text_align=&#8220;left&#8220; width=&#8220;1\/3&#8243;][\/vc_column][vc_column animation=&#8220;none&#8220; bg_color=&#8220;#fafafa&#8220; bg_image=&#8220;15470&#8243; column_padding=&#8220;padding-5&#8243; column_center=&#8220;true&#8220; text_color=&#8220;dark&#8220; text_align=&#8220;left&#8220; width=&#8220;1\/3&#8243;][\/vc_column][\/vc_row][vc_row type=&#8220;full_width_section&#8220; bg_image=&#8220;&#8220; bg_repeat=&#8220;stretch&#8220; parallax_bg=&#8220;&#8220; stellar_class=&#8220;default&#8220; bg_color=&#8220;&#8220; section_arrow=&#8220;&#8220; video_bg=&#8220;&#8220; enable_video_color_overlay=&#8220;&#8220; video_overlay_color=&#8220;&#8220; video_webm=&#8220;&#8220; video_mp4=&#8220;&#8220; video_ogv=&#8220;&#8220; video_image=&#8220;&#8220; text_color=&#8220;dark&#8220; custom_text_color=&#8220;&#8220; text_align=&#8220;left&#8220; top_padding=&#8220;&#8220; bottom_padding=&#8220;&#8220; class=&#8220;&#8220; row_id=&#8220;&#8220; bg_position=&#8220;left top&#8220;][vc_column animation=&#8220;none&#8220; bg_image=&#8220;15473&#8243; column_padding=&#8220;padding-5&#8243; column_center=&#8220;true&#8220; text_color=&#8220;dark&#8220; text_align=&#8220;left&#8220; width=&#8220;1\/3&#8243;][\/vc_column][vc_column animation=&#8220;none&#8220; bg_color=&#8220;#d9d1c1&#8243; column_padding=&#8220;padding-5&#8243; column_center=&#8220;true&#8220; text_color=&#8220;light&#8220; text_align=&#8220;left&#8220; width=&#8220;1\/3&#8243;][vc_column_text] MONTE ZONCOLAN DAS GANZE [&hellip;]<\/p>\n","protected":false},"author":1,"featured_media":0,"parent":0,"menu_order":0,"comment_status":"closed","ping_status":"closed","template":"","meta":{"footnotes":""},"class_list":["post-15852","page","type-page","status-publish","hentry"],"_links":{"self":[{"href":"https:\/\/www.osteriadaalvise.it\/de\/wp-json\/wp\/v2\/pages\/15852"}],"collection":[{"href":"https:\/\/www.osteriadaalvise.it\/de\/wp-json\/wp\/v2\/pages"}],"about":[{"href":"https:\/\/www.osteriadaalvise.it\/de\/wp-json\/wp\/v2\/types\/page"}],"author":[{"embeddable":true,"href":"https:\/\/www.osteriadaalvise.it\/de\/wp-json\/wp\/v2\/users\/1"}],"replies":[{"embeddable":true,"href":"https:\/\/www.osteriadaalvise.it\/de\/wp-json\/wp\/v2\/comments?post=15852"}],"version-history":[{"count":3,"href":"https:\/\/www.osteriadaalvise.it\/de\/wp-json\/wp\/v2\/pages\/15852\/revisions"}],"predecessor-version":[{"id":15932,"href":"https:\/\/www.osteriadaalvise.it\/de\/wp-json\/wp\/v2\/pages\/15852\/revisions\/15932"}],"wp:attachment":[{"href":"https:\/\/www.osteriadaalvise.it\/de\/wp-json\/wp\/v2\/media?parent=15852"}],"curies":[{"name":"wp","href":"https:\/\/api.w.org\/{rel}","templated":true}]}}