{"id":16286,"date":"2020-05-20T11:49:05","date_gmt":"2020-05-20T09:49:05","guid":{"rendered":"https:\/\/www.osteriadaalvise.it\/?page_id=16286"},"modified":"2020-05-20T11:49:05","modified_gmt":"2020-05-20T09:49:05","slug":"suite-marie","status":"publish","type":"page","link":"https:\/\/www.osteriadaalvise.it\/de\/suite-marie\/","title":{"rendered":"suite marie"},"content":{"rendered":"<div class=\"wpb-content-wrapper\"><p>[vc_row type=&#8220;full_width_section&#8220; bg_image=&#8220;16295&#8243; bg_repeat=&#8220;no-repeat&#8220; parallax_bg=&#8220;true&#8220; bg_color=&#8220;#000000&#8243; top_padding=&#8220;50&#8243; bottom_padding=&#8220;50&#8243; bg_position=&#8220;center center&#8220;][vc_column width=&#8220;1\/1&#8243;][vc_column_text]<\/p>\n<p>&nbsp;<\/p>\n<p>&nbsp;<\/p>\n<p>&nbsp;<\/p>\n<p>&nbsp;<\/p>\n<p>&nbsp;<\/p>\n<p>&nbsp;<\/p>\n<p>&nbsp;<\/p>\n<p>&nbsp;<\/p>\n<p>&nbsp;<\/p>\n<p>&nbsp;<\/p>\n<p>&nbsp;<\/p>\n<p>&nbsp;<\/p>\n<p>[\/vc_column_text][\/vc_column][\/vc_row][vc_row top_padding=&#8220;100&#8243; bottom_padding=&#8220;20&#8243;][vc_column width=&#8220;1\/1&#8243;]<h1 class=\"headline font-special fontsize-xxxl fontweight-700 lh-13 align-center transform-inherit \" style=\"margin: 0 0 20px 0; color: #000000;\">\nFamily Suite \u201cMarie\u201d<\/p>\n<\/h1>[\/vc_column][\/vc_row][vc_row top_padding=&#8220;100&#8243; bottom_padding=&#8220;100&#8243;][vc_column width=&#8220;1\/2&#8243;]<div class=\"headline font-inherit fontsize-m fontweight-inherit lh-19 align-left transform-inherit \" style=\"margin: 0 0 20px 0; color: #666666;\">Die ger\u00e4umige Suite von 45 Quadratmeter befindet sich in dem Dachboden mit Tannenholzbalken, und man hat von dieser Suite eine gro\u00dfartige Aussicht auf unser Tal. Die Suite besteht aus dem Zimmer, Wohnzimmer und der K\u00fcche. Das Badezimmer begeistert dank seiner breiten Dusche mit einem oberen Duschkopf!<br \/>\nDank dem Bettcouch ist diese Suite auch f\u00fcr Familien mit Kindern geeignet!<br \/>\n<\/div>[vc_column_text]<\/p>\n<h5>45 mq \u00a0 \u00a0 \u00a0 \u00a0 \u00a0 \u00a0 \u00a0 <img loading=\"lazy\" decoding=\"async\" class=\"alignnone wp-image-16670 size-full\" src=\"https:\/\/www.osteriadaalvise.it\/wp-content\/uploads\/2020\/04\/doppia-ok-b.jpg\" alt=\"\" width=\"100\" height=\"100\" srcset=\"https:\/\/www.osteriadaalvise.it\/wp-content\/uploads\/2020\/04\/doppia-ok-b.jpg 100w, https:\/\/www.osteriadaalvise.it\/wp-content\/uploads\/2020\/04\/doppia-ok-b-80x80.jpg 80w\" sizes=\"(max-width: 100px) 100vw, 100px\" \/><img loading=\"lazy\" decoding=\"async\" class=\"alignnone wp-image-16673 size-full\" src=\"https:\/\/www.osteriadaalvise.it\/wp-content\/uploads\/2020\/04\/family-ok-b.jpg\" alt=\"\" width=\"100\" height=\"100\" srcset=\"https:\/\/www.osteriadaalvise.it\/wp-content\/uploads\/2020\/04\/family-ok-b.jpg 100w, https:\/\/www.osteriadaalvise.it\/wp-content\/uploads\/2020\/04\/family-ok-b-80x80.jpg 80w\" sizes=\"(max-width: 100px) 100vw, 100px\" \/><\/h5>\n<p>[\/vc_column_text][\/vc_column][vc_column width=&#8220;1\/2&#8243;]<div class=\"headline font-inherit fontsize-m fontweight-inherit lh-19 align-left transform-inherit \" style=\"margin: 0; color: #666666;\">Zimmerausstattung:<br \/>\n1 Ehebett 160&#215;200<br \/>\n1 Bettcouch<br \/>\nKochnische mit Induktionsplatte<br \/>\nSatellitenfernsehen<br \/>\nWLAN<br \/>\nKocher<br \/>\nSafe<br \/>\nNat\u00fcrlichen L\u00e4rchenboden<br \/>\nBad mit bodengleicher Dusche<br \/>\nIndividuelle Heizung<br \/>\nNichtraucherzimmer<br \/>\n<\/div><h1 class=\"headline font-inherit fontsize-xxl fontweight-300 lh-inherit align-left transform-inherit \" style=\"margin: 0 0 20px 0; color: #000000;\">Ab 70 \u20ac pro Person<\/p>\n<\/h1><div class=\"headline font-inherit fontsize-s fontweight-inherit lh-19 align-left transform-inherit \" style=\"margin: 0 0 20px 0; color: #666666;\">Unsere Preise verstehen sich pro Person inklusive s\u00fc\u00dfe und herzhafte Fr\u00fchst\u00fccksbuffet bei der Osteria mit den typischen Produkten unseres Landes.<\/div>[vc_column_text]<\/p>\n<h5><a href=\"https:\/\/www.osteriadaalvise.it\/de\/stornierungspolitik\/\">Stornierungspolitik<\/a><\/h5>\n<p>[\/vc_column_text]<a href=\"mailto:info@osteriadaalvise.it\" target=\"_self\" class=\"button color-1 small \" style=\"border-radius: 2px;\">Buchen<\/a>[\/vc_column][\/vc_row][vc_row type=&#8220;full_width_section&#8220; bg_position=&#8220;left top&#8220;][vc_column width=&#8220;1\/1&#8243;]<div class=\"divider divider1\" style='margin:0 !important;'><\/div>[\/vc_column][\/vc_row][vc_row type=&#8220;full_width_section&#8220;][vc_column width=&#8220;1\/3&#8243;]<div class=\"single_image wpb_content_element align-left    \" data-animation=\"none\" data-delay=\"0\"><a href=\"https:\/\/www.osteriadaalvise.it\/wp-content\/uploads\/2020\/04\/suite_marie_alvise_01.jpg\" class=\"prettyPhoto\" rel=\"prettyPhoto[image]\"><img loading=\"lazy\" decoding=\"async\" width=\"1280\" height=\"800\" src=\"https:\/\/www.osteriadaalvise.it\/wp-content\/uploads\/2020\/04\/suite_marie_alvise_01.jpg\" class=\"attachment-full\" alt=\"\" title=\"suite_marie_alvise_01\" srcset=\"https:\/\/www.osteriadaalvise.it\/wp-content\/uploads\/2020\/04\/suite_marie_alvise_01.jpg 1280w, https:\/\/www.osteriadaalvise.it\/wp-content\/uploads\/2020\/04\/suite_marie_alvise_01-300x188.jpg 300w, https:\/\/www.osteriadaalvise.it\/wp-content\/uploads\/2020\/04\/suite_marie_alvise_01-1024x640.jpg 1024w, https:\/\/www.osteriadaalvise.it\/wp-content\/uploads\/2020\/04\/suite_marie_alvise_01-768x480.jpg 768w\" sizes=\"(max-width: 1280px) 100vw, 1280px\" \/><\/a><\/div>[\/vc_column][vc_column width=&#8220;1\/3&#8243;]<div class=\"single_image wpb_content_element align-left    \" data-animation=\"none\" data-delay=\"0\"><a href=\"https:\/\/www.osteriadaalvise.it\/wp-content\/uploads\/2020\/04\/suite_marie_alvise_02.jpg\" class=\"prettyPhoto\" rel=\"prettyPhoto[image]\"><img loading=\"lazy\" decoding=\"async\" width=\"1280\" height=\"800\" src=\"https:\/\/www.osteriadaalvise.it\/wp-content\/uploads\/2020\/04\/suite_marie_alvise_02.jpg\" class=\"attachment-full\" alt=\"\" title=\"suite_marie_alvise_02\" srcset=\"https:\/\/www.osteriadaalvise.it\/wp-content\/uploads\/2020\/04\/suite_marie_alvise_02.jpg 1280w, https:\/\/www.osteriadaalvise.it\/wp-content\/uploads\/2020\/04\/suite_marie_alvise_02-300x188.jpg 300w, https:\/\/www.osteriadaalvise.it\/wp-content\/uploads\/2020\/04\/suite_marie_alvise_02-1024x640.jpg 1024w, https:\/\/www.osteriadaalvise.it\/wp-content\/uploads\/2020\/04\/suite_marie_alvise_02-768x480.jpg 768w\" sizes=\"(max-width: 1280px) 100vw, 1280px\" \/><\/a><\/div>[\/vc_column][vc_column width=&#8220;1\/3&#8243;]<div class=\"single_image wpb_content_element align-left    \" data-animation=\"none\" data-delay=\"0\"><a href=\"https:\/\/www.osteriadaalvise.it\/wp-content\/uploads\/2020\/04\/suite_marie_alvise_03.jpg\" class=\"prettyPhoto\" rel=\"prettyPhoto[image]\"><img loading=\"lazy\" decoding=\"async\" width=\"1280\" height=\"800\" src=\"https:\/\/www.osteriadaalvise.it\/wp-content\/uploads\/2020\/04\/suite_marie_alvise_03.jpg\" class=\"attachment-full\" alt=\"\" title=\"suite_marie_alvise_03\" srcset=\"https:\/\/www.osteriadaalvise.it\/wp-content\/uploads\/2020\/04\/suite_marie_alvise_03.jpg 1280w, https:\/\/www.osteriadaalvise.it\/wp-content\/uploads\/2020\/04\/suite_marie_alvise_03-300x188.jpg 300w, https:\/\/www.osteriadaalvise.it\/wp-content\/uploads\/2020\/04\/suite_marie_alvise_03-1024x640.jpg 1024w, https:\/\/www.osteriadaalvise.it\/wp-content\/uploads\/2020\/04\/suite_marie_alvise_03-768x480.jpg 768w\" sizes=\"(max-width: 1280px) 100vw, 1280px\" \/><\/a><\/div>[\/vc_column][\/vc_row][vc_row type=&#8220;full_width_section&#8220;][vc_column width=&#8220;1\/3&#8243;]<div class=\"single_image wpb_content_element align-left    \" data-animation=\"none\" data-delay=\"0\"><a href=\"https:\/\/www.osteriadaalvise.it\/wp-content\/uploads\/2020\/04\/suite_marie_alvise_04.jpg\" class=\"prettyPhoto\" rel=\"prettyPhoto[image]\"><img loading=\"lazy\" decoding=\"async\" width=\"1280\" height=\"800\" src=\"https:\/\/www.osteriadaalvise.it\/wp-content\/uploads\/2020\/04\/suite_marie_alvise_04.jpg\" class=\"attachment-full\" alt=\"\" title=\"suite_marie_alvise_04\" srcset=\"https:\/\/www.osteriadaalvise.it\/wp-content\/uploads\/2020\/04\/suite_marie_alvise_04.jpg 1280w, https:\/\/www.osteriadaalvise.it\/wp-content\/uploads\/2020\/04\/suite_marie_alvise_04-300x188.jpg 300w, https:\/\/www.osteriadaalvise.it\/wp-content\/uploads\/2020\/04\/suite_marie_alvise_04-1024x640.jpg 1024w, https:\/\/www.osteriadaalvise.it\/wp-content\/uploads\/2020\/04\/suite_marie_alvise_04-768x480.jpg 768w\" sizes=\"(max-width: 1280px) 100vw, 1280px\" \/><\/a><\/div>[\/vc_column][vc_column width=&#8220;1\/3&#8243;]<div class=\"single_image wpb_content_element align-left    \" data-animation=\"none\" data-delay=\"0\"><a href=\"https:\/\/www.osteriadaalvise.it\/wp-content\/uploads\/2020\/04\/suite_marie_alvise_05.jpg\" class=\"prettyPhoto\" rel=\"prettyPhoto[image]\"><img loading=\"lazy\" decoding=\"async\" width=\"1280\" height=\"800\" src=\"https:\/\/www.osteriadaalvise.it\/wp-content\/uploads\/2020\/04\/suite_marie_alvise_05.jpg\" class=\"attachment-full\" alt=\"\" title=\"suite_marie_alvise_05\" srcset=\"https:\/\/www.osteriadaalvise.it\/wp-content\/uploads\/2020\/04\/suite_marie_alvise_05.jpg 1280w, https:\/\/www.osteriadaalvise.it\/wp-content\/uploads\/2020\/04\/suite_marie_alvise_05-300x188.jpg 300w, https:\/\/www.osteriadaalvise.it\/wp-content\/uploads\/2020\/04\/suite_marie_alvise_05-1024x640.jpg 1024w, https:\/\/www.osteriadaalvise.it\/wp-content\/uploads\/2020\/04\/suite_marie_alvise_05-768x480.jpg 768w\" sizes=\"(max-width: 1280px) 100vw, 1280px\" \/><\/a><\/div>[\/vc_column][vc_column width=&#8220;1\/3&#8243;]<div class=\"single_image wpb_content_element align-left    \" data-animation=\"none\" data-delay=\"0\"><a href=\"https:\/\/www.osteriadaalvise.it\/wp-content\/uploads\/2020\/04\/suite_marie_alvise_06.jpg\" class=\"prettyPhoto\" rel=\"prettyPhoto[image]\"><img loading=\"lazy\" decoding=\"async\" width=\"1280\" height=\"800\" src=\"https:\/\/www.osteriadaalvise.it\/wp-content\/uploads\/2020\/04\/suite_marie_alvise_06.jpg\" class=\"attachment-full\" alt=\"\" title=\"suite_marie_alvise_06\" srcset=\"https:\/\/www.osteriadaalvise.it\/wp-content\/uploads\/2020\/04\/suite_marie_alvise_06.jpg 1280w, https:\/\/www.osteriadaalvise.it\/wp-content\/uploads\/2020\/04\/suite_marie_alvise_06-300x188.jpg 300w, https:\/\/www.osteriadaalvise.it\/wp-content\/uploads\/2020\/04\/suite_marie_alvise_06-1024x640.jpg 1024w, https:\/\/www.osteriadaalvise.it\/wp-content\/uploads\/2020\/04\/suite_marie_alvise_06-768x480.jpg 768w\" sizes=\"(max-width: 1280px) 100vw, 1280px\" \/><\/a><\/div>[\/vc_column][\/vc_row]<\/p>\n<\/div>","protected":false},"excerpt":{"rendered":"<p>[vc_row type=&#8220;full_width_section&#8220; bg_image=&#8220;16295&#8243; bg_repeat=&#8220;no-repeat&#8220; parallax_bg=&#8220;true&#8220; bg_color=&#8220;#000000&#8243; top_padding=&#8220;50&#8243; bottom_padding=&#8220;50&#8243; bg_position=&#8220;center center&#8220;][vc_column width=&#8220;1\/1&#8243;][vc_column_text] &nbsp; &nbsp; &nbsp; &nbsp; &nbsp; &nbsp; &nbsp; &nbsp; &nbsp; &nbsp; &nbsp; &nbsp; [\/vc_column_text][\/vc_column][\/vc_row][vc_row top_padding=&#8220;100&#8243; bottom_padding=&#8220;20&#8243;][vc_column width=&#8220;1\/1&#8243;][\/vc_column][\/vc_row][vc_row top_padding=&#8220;100&#8243; bottom_padding=&#8220;100&#8243;][vc_column width=&#8220;1\/2&#8243;][vc_column_text] 45 mq \u00a0 \u00a0 \u00a0 \u00a0 \u00a0 \u00a0 \u00a0 [\/vc_column_text][\/vc_column][vc_column width=&#8220;1\/2&#8243;][vc_column_text] Stornierungspolitik [\/vc_column_text][\/vc_column][\/vc_row][vc_row type=&#8220;full_width_section&#8220; bg_position=&#8220;left top&#8220;][vc_column width=&#8220;1\/1&#8243;][\/vc_column][\/vc_row][vc_row type=&#8220;full_width_section&#8220;][vc_column width=&#8220;1\/3&#8243;][\/vc_column][vc_column width=&#8220;1\/3&#8243;][\/vc_column][vc_column width=&#8220;1\/3&#8243;][\/vc_column][\/vc_row][vc_row type=&#8220;full_width_section&#8220;][vc_column width=&#8220;1\/3&#8243;][\/vc_column][vc_column width=&#8220;1\/3&#8243;][\/vc_column][vc_column width=&#8220;1\/3&#8243;][\/vc_column][\/vc_row]<\/p>\n","protected":false},"author":1,"featured_media":0,"parent":0,"menu_order":0,"comment_status":"closed","ping_status":"closed","template":"","meta":{"footnotes":""},"class_list":["post-16286","page","type-page","status-publish","hentry"],"_links":{"self":[{"href":"https:\/\/www.osteriadaalvise.it\/de\/wp-json\/wp\/v2\/pages\/16286"}],"collection":[{"href":"https:\/\/www.osteriadaalvise.it\/de\/wp-json\/wp\/v2\/pages"}],"about":[{"href":"https:\/\/www.osteriadaalvise.it\/de\/wp-json\/wp\/v2\/types\/page"}],"author":[{"embeddable":true,"href":"https:\/\/www.osteriadaalvise.it\/de\/wp-json\/wp\/v2\/users\/1"}],"replies":[{"embeddable":true,"href":"https:\/\/www.osteriadaalvise.it\/de\/wp-json\/wp\/v2\/comments?post=16286"}],"version-history":[{"count":2,"href":"https:\/\/www.osteriadaalvise.it\/de\/wp-json\/wp\/v2\/pages\/16286\/revisions"}],"predecessor-version":[{"id":16932,"href":"https:\/\/www.osteriadaalvise.it\/de\/wp-json\/wp\/v2\/pages\/16286\/revisions\/16932"}],"wp:attachment":[{"href":"https:\/\/www.osteriadaalvise.it\/de\/wp-json\/wp\/v2\/media?parent=16286"}],"curies":[{"name":"wp","href":"https:\/\/api.w.org\/{rel}","templated":true}]}}