{"id":16344,"date":"2020-04-27T17:05:20","date_gmt":"2020-04-27T15:05:20","guid":{"rendered":"https:\/\/www.osteriadaalvise.it\/?page_id=16344"},"modified":"2020-05-20T12:03:38","modified_gmt":"2020-05-20T10:03:38","slug":"kuche","status":"publish","type":"page","link":"https:\/\/www.osteriadaalvise.it\/de\/kuche\/","title":{"rendered":"Die K\u00fcche"},"content":{"rendered":"<div class=\"wpb-content-wrapper\"><p>[vc_row type=&#8220;full_width_section&#8220; bg_image=&#8220;15427&#8243; parallax_bg=&#8220;true&#8220; bg_color=&#8220;#1cbac8&#8243; top_padding=&#8220;0&#8243; bottom_padding=&#8220;0&#8243; bg_position=&#8220;center center&#8220;][vc_column width=&#8220;1\/1&#8243;][vc_column_text]<\/p>\n<p>&nbsp;<\/p>\n<p>&nbsp;<\/p>\n<p>&nbsp;<\/p>\n<p>&nbsp;<\/p>\n<p>&nbsp;<\/p>\n<p>&nbsp;<\/p>\n<p>&nbsp;<\/p>\n<p>&nbsp;<\/p>\n<p>&nbsp;<\/p>\n<p>&nbsp;<\/p>\n<p>&nbsp;<\/p>\n<p>&nbsp;<\/p>\n<p>&nbsp;<\/p>\n<p>&nbsp;<\/p>\n<p>[\/vc_column_text][\/vc_column][\/vc_row][vc_row text_align=&#8220;center&#8220; top_padding=&#8220;100&#8243; bottom_padding=&#8220;100&#8243;][vc_column text_align=&#8220;center&#8220; width=&#8220;1\/1&#8243;]<h1 class=\"headline font-special fontsize-xxxl fontweight-700 lh-13 align-center transform-inherit lowercase\" style=\"margin: 0 0 20px 0; color: #000000;\">\n<p>Eine echte Gaumenfreude<\/p>\n<\/h1><div class=\"headline font-inherit fontsize-s fontweight-300 lh-inherit align-center transform-inherit \" style=\"margin: 10; color: #000000;\">\n<p>Unsere K\u00fcche bietet traditionelle Gerichte, wie die Cjarsons, mit Kr\u00e4utern gef\u00fcllte Ravioli, Und den mit Kartoffeln zubereiteten Frico. Tagliatelle und Ravioli sind hausgemacht und werden mit Saucen oder F\u00fcllungen nach Saison serviert. Daneben gibt es gegrilltes und geschmortes Fleisch und Wildgerichte.Zum Abschluss d\u00fcrfen die leckeren, von Elena zubereiteten Desserts nicht fehlen.<\/p>\n<\/div>[\/vc_column][\/vc_row][vc_row type=&#8220;full_width_section&#8220; bg_position=&#8220;left top&#8220;][vc_column bg_color=&#8220;#4e4641&#8243; column_padding=&#8220;padding-5&#8243; column_center=&#8220;true&#8220; text_color=&#8220;light&#8220; width=&#8220;1\/3&#8243;][vc_column_text]<\/p>\n<h3 class=\"font-special\">AUTHENTISCHE AROMEN<\/h3>\n<p>Unsere K\u00fcche ist einfach und unverf\u00e4lscht und verarbeitet Produkte der Saison, nat\u00fcrliche, lokale Zutaten, die von ausgesuchten Zulieferern stammen, die f\u00fcr die Exzellenz ihrer Erzeugnisse b\u00fcrgen.[\/vc_column_text][\/vc_column][vc_column bg_image=&#8220;15446&#8243; column_padding=&#8220;padding-5&#8243; column_center=&#8220;true&#8220; width=&#8220;1\/3&#8243;]<div class=\"spacer\" style=\"height: 200px;\"><\/div>[\/vc_column][vc_column bg_color=&#8220;#fafafa&#8220; bg_image=&#8220;15425&#8243; column_padding=&#8220;padding-5&#8243; column_center=&#8220;true&#8220; width=&#8220;1\/3&#8243;]<div class=\"spacer\" style=\"height: 200px;\"><\/div>[\/vc_column][\/vc_row][vc_row type=&#8220;full_width_section&#8220; bg_position=&#8220;left top&#8220;][vc_column bg_image=&#8220;15444&#8243; column_padding=&#8220;padding-5&#8243; column_center=&#8220;true&#8220; width=&#8220;1\/3&#8243;]<div class=\"spacer\" style=\"height: 200px;\"><\/div>[\/vc_column][vc_column bg_color=&#8220;#d9d1c1&#8243; column_padding=&#8220;padding-5&#8243; column_center=&#8220;true&#8220; text_color=&#8220;light&#8220; width=&#8220;1\/3&#8243;][vc_column_text]<\/p>\n<h3 class=\"font-special\">CJARSONS UND FRICO MIT ALVISE BEI DER EXPO<\/h3>\n<p>Die Produkte unseres Territoriums waren mit der Osteria da Alvise bei der Expo 2015 im Restaurant der regionalen biologischen Vielfalt von Eataly pr\u00e4sent.Eine aufregende Erfahrung, die uns w\u00e4hrend des ganzen Monats Oktober besch\u00e4ftigt hat, und eine echte Herausforderung, die unser ganzes Engagement beansprucht hat, um die exzellenten Erzeugnisse unseres Landes bekannt zu machen.[\/vc_column_text][\/vc_column][vc_column bg_image=&#8220;15445&#8243; column_padding=&#8220;padding-5&#8243; column_center=&#8220;true&#8220; width=&#8220;1\/3&#8243;]<div class=\"spacer\" style=\"height: 200px;\"><\/div>[\/vc_column][\/vc_row][vc_row type=&#8220;full_width_section&#8220; bg_position=&#8220;left top&#8220;][vc_column width=&#8220;1\/1&#8243;]<div class=\"divider divider1\" style='margin:0 !important;'><\/div>[\/vc_column][\/vc_row]<\/p>\n<\/div>","protected":false},"excerpt":{"rendered":"<p>[vc_row type=&#8220;full_width_section&#8220; bg_image=&#8220;15427&#8243; parallax_bg=&#8220;true&#8220; bg_color=&#8220;#1cbac8&#8243; top_padding=&#8220;0&#8243; bottom_padding=&#8220;0&#8243; bg_position=&#8220;center center&#8220;][vc_column width=&#8220;1\/1&#8243;][vc_column_text] &nbsp; &nbsp; &nbsp; &nbsp; &nbsp; &nbsp; &nbsp; &nbsp; &nbsp; &nbsp; &nbsp; &nbsp; &nbsp; &nbsp; [\/vc_column_text][\/vc_column][\/vc_row][vc_row text_align=&#8220;center&#8220; top_padding=&#8220;100&#8243; bottom_padding=&#8220;100&#8243;][vc_column text_align=&#8220;center&#8220; width=&#8220;1\/1&#8243;][\/vc_column][\/vc_row][vc_row type=&#8220;full_width_section&#8220; bg_position=&#8220;left top&#8220;][vc_column bg_color=&#8220;#4e4641&#8243; column_padding=&#8220;padding-5&#8243; column_center=&#8220;true&#8220; text_color=&#8220;light&#8220; width=&#8220;1\/3&#8243;][vc_column_text] AUTHENTISCHE AROMEN Unsere K\u00fcche ist einfach und unverf\u00e4lscht und verarbeitet Produkte der Saison, nat\u00fcrliche, lokale Zutaten, die von ausgesuchten Zulieferern stammen, die f\u00fcr die Exzellenz ihrer Erzeugnisse b\u00fcrgen.[\/vc_column_text][\/vc_column][vc_column bg_image=&#8220;15446&#8243; column_padding=&#8220;padding-5&#8243; column_center=&#8220;true&#8220; width=&#8220;1\/3&#8243;][\/vc_column][vc_column bg_color=&#8220;#fafafa&#8220; bg_image=&#8220;15425&#8243; column_padding=&#8220;padding-5&#8243; column_center=&#8220;true&#8220; width=&#8220;1\/3&#8243;][\/vc_column][\/vc_row][vc_row type=&#8220;full_width_section&#8220; bg_position=&#8220;left top&#8220;][vc_column bg_image=&#8220;15444&#8243; column_padding=&#8220;padding-5&#8243; column_center=&#8220;true&#8220; width=&#8220;1\/3&#8243;][\/vc_column][vc_column bg_color=&#8220;#d9d1c1&#8243; column_padding=&#8220;padding-5&#8243; column_center=&#8220;true&#8220; text_color=&#8220;light&#8220; width=&#8220;1\/3&#8243;][vc_column_text] CJARSONS UND FRICO MIT ALVISE BEI DER EXPO Die Produkte unseres Territoriums waren mit der Osteria da Alvise bei der Expo 2015 im Restaurant der regionalen biologischen Vielfalt von Eataly pr\u00e4sent.Eine aufregende Erfahrung, die uns w\u00e4hrend des ganzen Monats Oktober besch\u00e4ftigt hat, und eine echte Herausforderung, die unser ganzes Engagement beansprucht hat, um die exzellenten Erzeugnisse unseres Landes bekannt zu machen.[\/vc_column_text][\/vc_column][vc_column bg_image=&#8220;15445&#8243; column_padding=&#8220;padding-5&#8243; column_center=&#8220;true&#8220; width=&#8220;1\/3&#8243;][\/vc_column][\/vc_row][vc_row type=&#8220;full_width_section&#8220; bg_position=&#8220;left top&#8220;][vc_column width=&#8220;1\/1&#8243;][\/vc_column][\/vc_row]<\/p>\n","protected":false},"author":1,"featured_media":0,"parent":0,"menu_order":0,"comment_status":"closed","ping_status":"closed","template":"","meta":{"footnotes":""},"class_list":["post-16344","page","type-page","status-publish","hentry"],"_links":{"self":[{"href":"https:\/\/www.osteriadaalvise.it\/de\/wp-json\/wp\/v2\/pages\/16344"}],"collection":[{"href":"https:\/\/www.osteriadaalvise.it\/de\/wp-json\/wp\/v2\/pages"}],"about":[{"href":"https:\/\/www.osteriadaalvise.it\/de\/wp-json\/wp\/v2\/types\/page"}],"author":[{"embeddable":true,"href":"https:\/\/www.osteriadaalvise.it\/de\/wp-json\/wp\/v2\/users\/1"}],"replies":[{"embeddable":true,"href":"https:\/\/www.osteriadaalvise.it\/de\/wp-json\/wp\/v2\/comments?post=16344"}],"version-history":[{"count":6,"href":"https:\/\/www.osteriadaalvise.it\/de\/wp-json\/wp\/v2\/pages\/16344\/revisions"}],"predecessor-version":[{"id":17509,"href":"https:\/\/www.osteriadaalvise.it\/de\/wp-json\/wp\/v2\/pages\/16344\/revisions\/17509"}],"wp:attachment":[{"href":"https:\/\/www.osteriadaalvise.it\/de\/wp-json\/wp\/v2\/media?parent=16344"}],"curies":[{"name":"wp","href":"https:\/\/api.w.org\/{rel}","templated":true}]}}