{"id":16488,"date":"2020-05-20T11:42:05","date_gmt":"2020-05-20T09:42:05","guid":{"rendered":"https:\/\/www.osteriadaalvise.it\/?page_id=16488"},"modified":"2025-02-05T14:51:34","modified_gmt":"2025-02-05T13:51:34","slug":"suite-silvia","status":"publish","type":"page","link":"https:\/\/www.osteriadaalvise.it\/de\/suite-silvia\/","title":{"rendered":"suite silvia"},"content":{"rendered":"<div class=\"wpb-content-wrapper\"><p>[vc_row type=&#8220;full_width_section&#8220; bg_image=&#8220;16507&#8243; bg_repeat=&#8220;no-repeat&#8220; parallax_bg=&#8220;true&#8220; bg_color=&#8220;#000000&#8243; top_padding=&#8220;50&#8243; bottom_padding=&#8220;50&#8243; bg_position=&#8220;center center&#8220;][vc_column width=&#8220;1\/1&#8243;][vc_column_text]<\/p>\n<p>&nbsp;<\/p>\n<p>&nbsp;<\/p>\n<p>&nbsp;<\/p>\n<p>&nbsp;<\/p>\n<p>&nbsp;<\/p>\n<p>&nbsp;<\/p>\n<p>&nbsp;<\/p>\n<p>&nbsp;<\/p>\n<p>&nbsp;<\/p>\n<p>&nbsp;<\/p>\n<p>&nbsp;<\/p>\n<p>&nbsp;<\/p>\n<p>[\/vc_column_text][\/vc_column][\/vc_row][vc_row top_padding=&#8220;100&#8243; bottom_padding=&#8220;20&#8243;][vc_column width=&#8220;1\/1&#8243;]<h1 class=\"headline font-special fontsize-xxxl fontweight-700 lh-13 align-center transform-inherit \" style=\"margin: 0 0 20px 0; color: #000000;\">JUNIOR SUITE (MARIAVITTORIA)<\/p>\n<\/h1>[\/vc_column][\/vc_row][vc_row top_padding=&#8220;100&#8243; bottom_padding=&#8220;100&#8243;][vc_column width=&#8220;1\/2&#8243;]<div class=\"headline font-inherit fontsize-m fontweight-inherit lh-19 align-left transform-inherit \" style=\"margin: 0 0 20px 0; color: #666666;\">Das Zimmer ist mit M\u00f6beln Tanne dunkel und mit Parkettfu\u00dfboden nat\u00fcrlich im Farbton L\u00e4rche eingerichtet. Das Designer Zimmer ist modern gestaltet worden und seine Beleuchtung ist beeindruckend und stimmungsvoll.<br \/>\nDas Badezimmer verf\u00fcgt \u00fcber ein breites Glasfenster, welches die breite Dusche von dem Bad trennt.<br \/>\n<\/div>[vc_column_text]<\/p>\n<h5>27 mq \u00a0 \u00a0 \u00a0 \u00a0 \u00a0 \u00a0 \u00a0 <img loading=\"lazy\" decoding=\"async\" class=\"alignnone wp-image-16670 size-full\" src=\"https:\/\/www.osteriadaalvise.it\/wp-content\/uploads\/2020\/04\/doppia-ok-b.jpg\" alt=\"\" width=\"100\" height=\"100\" srcset=\"https:\/\/www.osteriadaalvise.it\/wp-content\/uploads\/2020\/04\/doppia-ok-b.jpg 100w, https:\/\/www.osteriadaalvise.it\/wp-content\/uploads\/2020\/04\/doppia-ok-b-80x80.jpg 80w\" sizes=\"(max-width: 100px) 100vw, 100px\" \/><\/h5>\n<p>[\/vc_column_text][\/vc_column][vc_column width=&#8220;1\/2&#8243;]<div class=\"headline font-inherit fontsize-m fontweight-inherit lh-19 align-left transform-inherit \" style=\"margin: 0; color: #666666;\">Zimmerausstattung:<br \/>\nEhebett 180&#215;200<br \/>\nSatellitenfernsehen<br \/>\nWLAN<br \/>\nNat\u00fcrlichen L\u00e4rchenboden<br \/>\nBad mit bodengleicher Dusche<br \/>\nIndividuelle Heizung<br \/>\nK\u00fchlschrank<br \/>\nKocher<br \/>\nSafe<br \/>\nTerrasse<br \/>\nNichtraucherzimmer<br \/>\n<\/div><h1 class=\"headline font-inherit fontsize-xxl fontweight-300 lh-inherit align-left transform-inherit \" style=\"margin: 0 0 20px 0; color: #000000;\">Ab 60 \u20ac pro Person<\/p>\n<\/h1><div class=\"headline font-inherit fontsize-s fontweight-inherit lh-19 align-left transform-inherit \" style=\"margin: 0 0 20px 00; color: #666666;\">Unsere Preise verstehen sich pro Person inklusive s\u00fc\u00dfe und herzhafte Fr\u00fchst\u00fccksbuffet bei der Osteria mit den typischen Produkten unseres Landes.<\/div>[vc_column_text]<\/p>\n<h5><a href=\"https:\/\/www.osteriadaalvise.it\/de\/stornierungspolitik\/\">Stornierungspolitik<\/a><\/h5>\n<p>[\/vc_column_text]<a href=\"mailto:info@osteriadaalvise.it\" target=\"_self\" class=\"button color-1 small \" style=\"border-radius: 2px;\">Buchen<\/a>[\/vc_column][\/vc_row][vc_row type=&#8220;full_width_section&#8220; bg_position=&#8220;left top&#8220;][vc_column width=&#8220;1\/1&#8243;]<div class=\"divider divider1\" style='margin:0 !important;'><\/div>[\/vc_column][\/vc_row][vc_row type=&#8220;full_width_section&#8220;][vc_column width=&#8220;1\/6&#8243;]<div class=\"single_image wpb_content_element align-left    \" data-animation=\"none\" data-delay=\"0\"><a href=\"https:\/\/www.osteriadaalvise.it\/wp-content\/uploads\/2020\/04\/suite-vittoria-01.jpg\" class=\"prettyPhoto\" rel=\"prettyPhoto[image]\"><img loading=\"lazy\" decoding=\"async\" width=\"850\" height=\"1280\" src=\"https:\/\/www.osteriadaalvise.it\/wp-content\/uploads\/2020\/04\/suite-vittoria-01.jpg\" class=\"attachment-full\" alt=\"\" title=\"suite-vittoria-01\" srcset=\"https:\/\/www.osteriadaalvise.it\/wp-content\/uploads\/2020\/04\/suite-vittoria-01.jpg 850w, https:\/\/www.osteriadaalvise.it\/wp-content\/uploads\/2020\/04\/suite-vittoria-01-199x300.jpg 199w, https:\/\/www.osteriadaalvise.it\/wp-content\/uploads\/2020\/04\/suite-vittoria-01-680x1024.jpg 680w, https:\/\/www.osteriadaalvise.it\/wp-content\/uploads\/2020\/04\/suite-vittoria-01-768x1157.jpg 768w\" sizes=\"(max-width: 850px) 100vw, 850px\" \/><\/a><\/div>[\/vc_column][vc_column width=&#8220;1\/6&#8243;]<div class=\"single_image wpb_content_element align-left    \" data-animation=\"none\" data-delay=\"0\"><a href=\"https:\/\/www.osteriadaalvise.it\/wp-content\/uploads\/2020\/04\/suite-vittoria-02.jpg\" class=\"prettyPhoto\" rel=\"prettyPhoto[image]\"><img loading=\"lazy\" decoding=\"async\" width=\"850\" height=\"1280\" src=\"https:\/\/www.osteriadaalvise.it\/wp-content\/uploads\/2020\/04\/suite-vittoria-02.jpg\" class=\"attachment-full\" alt=\"\" title=\"suite-vittoria-02\" srcset=\"https:\/\/www.osteriadaalvise.it\/wp-content\/uploads\/2020\/04\/suite-vittoria-02.jpg 850w, https:\/\/www.osteriadaalvise.it\/wp-content\/uploads\/2020\/04\/suite-vittoria-02-199x300.jpg 199w, https:\/\/www.osteriadaalvise.it\/wp-content\/uploads\/2020\/04\/suite-vittoria-02-680x1024.jpg 680w, https:\/\/www.osteriadaalvise.it\/wp-content\/uploads\/2020\/04\/suite-vittoria-02-768x1157.jpg 768w\" sizes=\"(max-width: 850px) 100vw, 850px\" \/><\/a><\/div>[\/vc_column][vc_column width=&#8220;1\/6&#8243;]<div class=\"single_image wpb_content_element align-left    \" data-animation=\"none\" data-delay=\"0\"><a href=\"https:\/\/www.osteriadaalvise.it\/wp-content\/uploads\/2020\/04\/suite-vittoria-03.jpg\" class=\"prettyPhoto\" rel=\"prettyPhoto[image]\"><img loading=\"lazy\" decoding=\"async\" width=\"850\" height=\"1280\" src=\"https:\/\/www.osteriadaalvise.it\/wp-content\/uploads\/2020\/04\/suite-vittoria-03.jpg\" class=\"attachment-full\" alt=\"\" title=\"suite-vittoria-03\" srcset=\"https:\/\/www.osteriadaalvise.it\/wp-content\/uploads\/2020\/04\/suite-vittoria-03.jpg 850w, https:\/\/www.osteriadaalvise.it\/wp-content\/uploads\/2020\/04\/suite-vittoria-03-199x300.jpg 199w, https:\/\/www.osteriadaalvise.it\/wp-content\/uploads\/2020\/04\/suite-vittoria-03-680x1024.jpg 680w, https:\/\/www.osteriadaalvise.it\/wp-content\/uploads\/2020\/04\/suite-vittoria-03-768x1157.jpg 768w\" sizes=\"(max-width: 850px) 100vw, 850px\" \/><\/a><\/div>[\/vc_column][vc_column width=&#8220;1\/6&#8243;]<div class=\"single_image wpb_content_element align-left    \" data-animation=\"none\" data-delay=\"0\"><a href=\"https:\/\/www.osteriadaalvise.it\/wp-content\/uploads\/2020\/04\/suite-vittoria-04.jpg\" class=\"prettyPhoto\" rel=\"prettyPhoto[image]\"><img loading=\"lazy\" decoding=\"async\" width=\"850\" height=\"1280\" src=\"https:\/\/www.osteriadaalvise.it\/wp-content\/uploads\/2020\/04\/suite-vittoria-04.jpg\" class=\"attachment-full\" alt=\"\" title=\"suite-vittoria-04\" srcset=\"https:\/\/www.osteriadaalvise.it\/wp-content\/uploads\/2020\/04\/suite-vittoria-04.jpg 850w, https:\/\/www.osteriadaalvise.it\/wp-content\/uploads\/2020\/04\/suite-vittoria-04-199x300.jpg 199w, https:\/\/www.osteriadaalvise.it\/wp-content\/uploads\/2020\/04\/suite-vittoria-04-680x1024.jpg 680w, https:\/\/www.osteriadaalvise.it\/wp-content\/uploads\/2020\/04\/suite-vittoria-04-768x1157.jpg 768w\" sizes=\"(max-width: 850px) 100vw, 850px\" \/><\/a><\/div>[\/vc_column][vc_column width=&#8220;1\/6&#8243;]<div class=\"single_image wpb_content_element align-left    \" data-animation=\"none\" data-delay=\"0\"><a href=\"https:\/\/www.osteriadaalvise.it\/wp-content\/uploads\/2020\/04\/suite-vittoria-05.jpg\" class=\"prettyPhoto\" rel=\"prettyPhoto[image]\"><img loading=\"lazy\" decoding=\"async\" width=\"850\" height=\"1280\" src=\"https:\/\/www.osteriadaalvise.it\/wp-content\/uploads\/2020\/04\/suite-vittoria-05.jpg\" class=\"attachment-full\" alt=\"\" title=\"suite-vittoria-05\" srcset=\"https:\/\/www.osteriadaalvise.it\/wp-content\/uploads\/2020\/04\/suite-vittoria-05.jpg 850w, https:\/\/www.osteriadaalvise.it\/wp-content\/uploads\/2020\/04\/suite-vittoria-05-199x300.jpg 199w, https:\/\/www.osteriadaalvise.it\/wp-content\/uploads\/2020\/04\/suite-vittoria-05-680x1024.jpg 680w, https:\/\/www.osteriadaalvise.it\/wp-content\/uploads\/2020\/04\/suite-vittoria-05-768x1157.jpg 768w\" sizes=\"(max-width: 850px) 100vw, 850px\" \/><\/a><\/div>[\/vc_column][vc_column width=&#8220;1\/6&#8243;]<div class=\"single_image wpb_content_element align-left    \" data-animation=\"none\" data-delay=\"0\"><a href=\"https:\/\/www.osteriadaalvise.it\/wp-content\/uploads\/2020\/04\/suite-vittoria-06.jpg\" class=\"prettyPhoto\" rel=\"prettyPhoto[image]\"><img loading=\"lazy\" decoding=\"async\" width=\"850\" height=\"1280\" src=\"https:\/\/www.osteriadaalvise.it\/wp-content\/uploads\/2020\/04\/suite-vittoria-06.jpg\" class=\"attachment-full\" alt=\"\" title=\"suite-vittoria-06\" srcset=\"https:\/\/www.osteriadaalvise.it\/wp-content\/uploads\/2020\/04\/suite-vittoria-06.jpg 850w, https:\/\/www.osteriadaalvise.it\/wp-content\/uploads\/2020\/04\/suite-vittoria-06-199x300.jpg 199w, https:\/\/www.osteriadaalvise.it\/wp-content\/uploads\/2020\/04\/suite-vittoria-06-680x1024.jpg 680w, https:\/\/www.osteriadaalvise.it\/wp-content\/uploads\/2020\/04\/suite-vittoria-06-768x1157.jpg 768w\" sizes=\"(max-width: 850px) 100vw, 850px\" \/><\/a><\/div>[\/vc_column][\/vc_row]<\/p>\n<\/div>","protected":false},"excerpt":{"rendered":"<p>[vc_row type=&#8220;full_width_section&#8220; bg_image=&#8220;16507&#8243; bg_repeat=&#8220;no-repeat&#8220; parallax_bg=&#8220;true&#8220; bg_color=&#8220;#000000&#8243; top_padding=&#8220;50&#8243; bottom_padding=&#8220;50&#8243; bg_position=&#8220;center center&#8220;][vc_column width=&#8220;1\/1&#8243;][vc_column_text] &nbsp; &nbsp; &nbsp; &nbsp; &nbsp; &nbsp; &nbsp; &nbsp; &nbsp; &nbsp; &nbsp; &nbsp; [\/vc_column_text][\/vc_column][\/vc_row][vc_row top_padding=&#8220;100&#8243; bottom_padding=&#8220;20&#8243;][vc_column width=&#8220;1\/1&#8243;][\/vc_column][\/vc_row][vc_row top_padding=&#8220;100&#8243; bottom_padding=&#8220;100&#8243;][vc_column width=&#8220;1\/2&#8243;][vc_column_text] 27 mq \u00a0 \u00a0 \u00a0 \u00a0 \u00a0 \u00a0 \u00a0 [\/vc_column_text][\/vc_column][vc_column width=&#8220;1\/2&#8243;][vc_column_text] Stornierungspolitik [\/vc_column_text][\/vc_column][\/vc_row][vc_row type=&#8220;full_width_section&#8220; bg_position=&#8220;left top&#8220;][vc_column width=&#8220;1\/1&#8243;][\/vc_column][\/vc_row][vc_row type=&#8220;full_width_section&#8220;][vc_column width=&#8220;1\/6&#8243;][\/vc_column][vc_column width=&#8220;1\/6&#8243;][\/vc_column][vc_column width=&#8220;1\/6&#8243;][\/vc_column][vc_column width=&#8220;1\/6&#8243;][\/vc_column][vc_column width=&#8220;1\/6&#8243;][\/vc_column][vc_column width=&#8220;1\/6&#8243;][\/vc_column][\/vc_row]<\/p>\n","protected":false},"author":1,"featured_media":0,"parent":0,"menu_order":0,"comment_status":"closed","ping_status":"closed","template":"","meta":{"footnotes":""},"class_list":["post-16488","page","type-page","status-publish","hentry"],"_links":{"self":[{"href":"https:\/\/www.osteriadaalvise.it\/de\/wp-json\/wp\/v2\/pages\/16488"}],"collection":[{"href":"https:\/\/www.osteriadaalvise.it\/de\/wp-json\/wp\/v2\/pages"}],"about":[{"href":"https:\/\/www.osteriadaalvise.it\/de\/wp-json\/wp\/v2\/types\/page"}],"author":[{"embeddable":true,"href":"https:\/\/www.osteriadaalvise.it\/de\/wp-json\/wp\/v2\/users\/1"}],"replies":[{"embeddable":true,"href":"https:\/\/www.osteriadaalvise.it\/de\/wp-json\/wp\/v2\/comments?post=16488"}],"version-history":[{"count":3,"href":"https:\/\/www.osteriadaalvise.it\/de\/wp-json\/wp\/v2\/pages\/16488\/revisions"}],"predecessor-version":[{"id":17246,"href":"https:\/\/www.osteriadaalvise.it\/de\/wp-json\/wp\/v2\/pages\/16488\/revisions\/17246"}],"wp:attachment":[{"href":"https:\/\/www.osteriadaalvise.it\/de\/wp-json\/wp\/v2\/media?parent=16488"}],"curies":[{"name":"wp","href":"https:\/\/api.w.org\/{rel}","templated":true}]}}