{"id":16939,"date":"2020-05-20T12:08:33","date_gmt":"2020-05-20T10:08:33","guid":{"rendered":"https:\/\/www.osteriadaalvise.it\/?page_id=16939"},"modified":"2020-05-20T12:15:34","modified_gmt":"2020-05-20T10:15:34","slug":"spa","status":"publish","type":"page","link":"https:\/\/www.osteriadaalvise.it\/de\/spa\/","title":{"rendered":"spa"},"content":{"rendered":"<div class=\"wpb-content-wrapper\"><p>[vc_row type=&#8220;full_width_section&#8220; bg_image=&#8220;16346&#8243; parallax_bg=&#8220;true&#8220; bg_color=&#8220;#020000&#8243; top_padding=&#8220;0&#8243; bottom_padding=&#8220;0&#8243; bg_position=&#8220;center center&#8220;][vc_column width=&#8220;1\/1&#8243;][vc_column_text]<\/p>\n<p>&nbsp;<\/p>\n<p>&nbsp;<\/p>\n<p>&nbsp;<\/p>\n<p>&nbsp;<\/p>\n<p>&nbsp;<\/p>\n<p>&nbsp;<\/p>\n<p>&nbsp;<\/p>\n<p>&nbsp;<\/p>\n<p>&nbsp;<\/p>\n<p>&nbsp;<\/p>\n<p>&nbsp;<\/p>\n<p>&nbsp;<\/p>\n<p>[\/vc_column_text][\/vc_column][\/vc_row][vc_row text_align=&#8220;center&#8220; top_padding=&#8220;100&#8243; bottom_padding=&#8220;100&#8243;][vc_column text_align=&#8220;center&#8220; width=&#8220;1\/1&#8243;]<h1 class=\"headline font-special fontsize-xxxl fontweight-700 lh-13 align-center transform-inherit lowercase\" style=\"margin: 0 0 20px 0; color: #000000;\">G\u00f6nnen Sie sich einen Moment absoluten Wohlbefindens. <\/h1><div class=\"headline font-inherit fontsize-s fontweight-300 lh-inherit align-center transform-inherit \" style=\"margin: 10; color: #000000;\">In unserem einladenden und intimen Spa k\u00f6nnen Sie es sich gut gehen lassen und die wohltuende Ruhe und Entspannung genie\u00dfen.<br \/>\nSp\u00fcren Sie selbst, wie positiv sich die wohltuende W\u00e4rme auf Ihren K\u00f6rper auswirkt und genie\u00dfen Sie die gesundheitlichen Vorteile der finnischen Sauna und des Dampfbads. Genie\u00dfen Sie ein entspannendes Bad im sprudelnden warmen Wasser des Whirlpools und eine wohltuende Unterwassermassage. Auf diese Weise bauen Sie damit Ihren Stress und Ihre Anspannung ab und werden sie nach und nach dadurch in eine wahre Wohltat f\u00fcr Ihre Seele umgewandelt. Sie k\u00f6nnen einen guten Bergkr\u00e4utertee trinken und sich entspannen. Unser Spa steht nach vorheriger Reservierung zur Verf\u00fcgung und zur ausschlie\u00dflichen Verwendung des Hotelzimmers.<br \/>\n<\/div>[\/vc_column][\/vc_row][vc_row type=&#8220;full_width_section&#8220; bg_position=&#8220;left top&#8220;][vc_column bg_color=&#8220;#4e4641&#8243; column_center=&#8220;true&#8220; text_color=&#8220;light&#8220; width=&#8220;1\/3&#8243;]<div class=\"single_image wpb_content_element align-center    \" data-animation=\"none\" data-delay=\"0\"><a href=\"https:\/\/www.osteriadaalvise.it\/wp-content\/uploads\/2020\/04\/alvise-spa-01.jpg\" class=\"prettyPhoto\" rel=\"prettyPhoto[image]\"><img loading=\"lazy\" decoding=\"async\" width=\"1280\" height=\"800\" src=\"https:\/\/www.osteriadaalvise.it\/wp-content\/uploads\/2020\/04\/alvise-spa-01.jpg\" class=\"attachment-full\" alt=\"\" title=\"alvise-spa-01\" srcset=\"https:\/\/www.osteriadaalvise.it\/wp-content\/uploads\/2020\/04\/alvise-spa-01.jpg 1280w, https:\/\/www.osteriadaalvise.it\/wp-content\/uploads\/2020\/04\/alvise-spa-01-300x188.jpg 300w, https:\/\/www.osteriadaalvise.it\/wp-content\/uploads\/2020\/04\/alvise-spa-01-1024x640.jpg 1024w, https:\/\/www.osteriadaalvise.it\/wp-content\/uploads\/2020\/04\/alvise-spa-01-768x480.jpg 768w\" sizes=\"(max-width: 1280px) 100vw, 1280px\" \/><\/a><\/div>[\/vc_column][vc_column column_center=&#8220;true&#8220; width=&#8220;1\/3&#8243;]<div class=\"single_image wpb_content_element align-center    \" data-animation=\"none\" data-delay=\"0\"><a href=\"https:\/\/www.osteriadaalvise.it\/wp-content\/uploads\/2020\/04\/alvise-spa-07.jpg\" class=\"prettyPhoto\" rel=\"prettyPhoto[image]\"><img loading=\"lazy\" decoding=\"async\" width=\"1280\" height=\"800\" src=\"https:\/\/www.osteriadaalvise.it\/wp-content\/uploads\/2020\/04\/alvise-spa-07.jpg\" class=\"attachment-full\" alt=\"\" title=\"alvise-spa-07\" srcset=\"https:\/\/www.osteriadaalvise.it\/wp-content\/uploads\/2020\/04\/alvise-spa-07.jpg 1280w, https:\/\/www.osteriadaalvise.it\/wp-content\/uploads\/2020\/04\/alvise-spa-07-300x188.jpg 300w, https:\/\/www.osteriadaalvise.it\/wp-content\/uploads\/2020\/04\/alvise-spa-07-1024x640.jpg 1024w, https:\/\/www.osteriadaalvise.it\/wp-content\/uploads\/2020\/04\/alvise-spa-07-768x480.jpg 768w\" sizes=\"(max-width: 1280px) 100vw, 1280px\" \/><\/a><\/div>[\/vc_column][vc_column bg_color=&#8220;#fafafa&#8220; column_center=&#8220;true&#8220; width=&#8220;1\/3&#8243;]<div class=\"single_image wpb_content_element align-left    \" data-animation=\"none\" data-delay=\"0\"><a href=\"https:\/\/www.osteriadaalvise.it\/wp-content\/uploads\/2020\/04\/alvise-spa-08.jpg\" class=\"prettyPhoto\" rel=\"prettyPhoto[image]\"><img loading=\"lazy\" decoding=\"async\" width=\"1280\" height=\"800\" src=\"https:\/\/www.osteriadaalvise.it\/wp-content\/uploads\/2020\/04\/alvise-spa-08.jpg\" class=\"attachment-full\" alt=\"\" title=\"alvise-spa-08\" srcset=\"https:\/\/www.osteriadaalvise.it\/wp-content\/uploads\/2020\/04\/alvise-spa-08.jpg 1280w, https:\/\/www.osteriadaalvise.it\/wp-content\/uploads\/2020\/04\/alvise-spa-08-300x188.jpg 300w, https:\/\/www.osteriadaalvise.it\/wp-content\/uploads\/2020\/04\/alvise-spa-08-1024x640.jpg 1024w, https:\/\/www.osteriadaalvise.it\/wp-content\/uploads\/2020\/04\/alvise-spa-08-768x480.jpg 768w\" sizes=\"(max-width: 1280px) 100vw, 1280px\" \/><\/a><\/div>[\/vc_column][\/vc_row][vc_row type=&#8220;full_width_section&#8220; bg_position=&#8220;left top&#8220;][vc_column column_center=&#8220;true&#8220; width=&#8220;1\/3&#8243;]<div class=\"single_image wpb_content_element align-left    \" data-animation=\"none\" data-delay=\"0\"><a href=\"https:\/\/www.osteriadaalvise.it\/wp-content\/uploads\/2020\/04\/alvise-spa-06.jpg\" class=\"prettyPhoto\" rel=\"prettyPhoto[image]\"><img loading=\"lazy\" decoding=\"async\" width=\"1280\" height=\"800\" src=\"https:\/\/www.osteriadaalvise.it\/wp-content\/uploads\/2020\/04\/alvise-spa-06.jpg\" class=\"attachment-full\" alt=\"\" title=\"alvise-spa-06\" srcset=\"https:\/\/www.osteriadaalvise.it\/wp-content\/uploads\/2020\/04\/alvise-spa-06.jpg 1280w, https:\/\/www.osteriadaalvise.it\/wp-content\/uploads\/2020\/04\/alvise-spa-06-300x188.jpg 300w, https:\/\/www.osteriadaalvise.it\/wp-content\/uploads\/2020\/04\/alvise-spa-06-1024x640.jpg 1024w, https:\/\/www.osteriadaalvise.it\/wp-content\/uploads\/2020\/04\/alvise-spa-06-768x480.jpg 768w\" sizes=\"(max-width: 1280px) 100vw, 1280px\" \/><\/a><\/div>[\/vc_column][vc_column bg_color=&#8220;#d9d1c1&#8243; column_center=&#8220;true&#8220; text_color=&#8220;light&#8220; width=&#8220;1\/3&#8243;]<div class=\"single_image wpb_content_element align-left    \" data-animation=\"none\" data-delay=\"0\"><a href=\"https:\/\/www.osteriadaalvise.it\/wp-content\/uploads\/2020\/04\/alvise-spa-10.jpg\" class=\"prettyPhoto\" rel=\"prettyPhoto[image]\"><img loading=\"lazy\" decoding=\"async\" width=\"1280\" height=\"800\" src=\"https:\/\/www.osteriadaalvise.it\/wp-content\/uploads\/2020\/04\/alvise-spa-10.jpg\" class=\"attachment-full\" alt=\"\" title=\"alvise-spa-10\" srcset=\"https:\/\/www.osteriadaalvise.it\/wp-content\/uploads\/2020\/04\/alvise-spa-10.jpg 1280w, https:\/\/www.osteriadaalvise.it\/wp-content\/uploads\/2020\/04\/alvise-spa-10-300x188.jpg 300w, https:\/\/www.osteriadaalvise.it\/wp-content\/uploads\/2020\/04\/alvise-spa-10-1024x640.jpg 1024w, https:\/\/www.osteriadaalvise.it\/wp-content\/uploads\/2020\/04\/alvise-spa-10-768x480.jpg 768w\" sizes=\"(max-width: 1280px) 100vw, 1280px\" \/><\/a><\/div>[\/vc_column][vc_column column_center=&#8220;true&#8220; width=&#8220;1\/3&#8243;]<div class=\"single_image wpb_content_element align-left    \" data-animation=\"none\" data-delay=\"0\"><a href=\"https:\/\/www.osteriadaalvise.it\/wp-content\/uploads\/2020\/04\/alvise-spa-02.jpg\" class=\"prettyPhoto\" rel=\"prettyPhoto[image]\"><img loading=\"lazy\" decoding=\"async\" width=\"1280\" height=\"800\" src=\"https:\/\/www.osteriadaalvise.it\/wp-content\/uploads\/2020\/04\/alvise-spa-02.jpg\" class=\"attachment-full\" alt=\"\" title=\"alvise-spa-02\" srcset=\"https:\/\/www.osteriadaalvise.it\/wp-content\/uploads\/2020\/04\/alvise-spa-02.jpg 1280w, https:\/\/www.osteriadaalvise.it\/wp-content\/uploads\/2020\/04\/alvise-spa-02-300x188.jpg 300w, https:\/\/www.osteriadaalvise.it\/wp-content\/uploads\/2020\/04\/alvise-spa-02-1024x640.jpg 1024w, https:\/\/www.osteriadaalvise.it\/wp-content\/uploads\/2020\/04\/alvise-spa-02-768x480.jpg 768w\" sizes=\"(max-width: 1280px) 100vw, 1280px\" \/><\/a><\/div>[\/vc_column][\/vc_row][vc_row type=&#8220;full_width_section&#8220; bg_position=&#8220;left top&#8220;][vc_column column_center=&#8220;true&#8220; width=&#8220;1\/3&#8243;]<div class=\"single_image wpb_content_element align-left    \" data-animation=\"none\" data-delay=\"0\"><a href=\"https:\/\/www.osteriadaalvise.it\/wp-content\/uploads\/2020\/04\/alvise-spa-05.jpg\" class=\"prettyPhoto\" rel=\"prettyPhoto[image]\"><img loading=\"lazy\" decoding=\"async\" width=\"1280\" height=\"800\" src=\"https:\/\/www.osteriadaalvise.it\/wp-content\/uploads\/2020\/04\/alvise-spa-05.jpg\" class=\"attachment-full\" alt=\"\" title=\"alvise-spa-05\" srcset=\"https:\/\/www.osteriadaalvise.it\/wp-content\/uploads\/2020\/04\/alvise-spa-05.jpg 1280w, https:\/\/www.osteriadaalvise.it\/wp-content\/uploads\/2020\/04\/alvise-spa-05-300x188.jpg 300w, https:\/\/www.osteriadaalvise.it\/wp-content\/uploads\/2020\/04\/alvise-spa-05-1024x640.jpg 1024w, https:\/\/www.osteriadaalvise.it\/wp-content\/uploads\/2020\/04\/alvise-spa-05-768x480.jpg 768w\" sizes=\"(max-width: 1280px) 100vw, 1280px\" \/><\/a><\/div>[\/vc_column][vc_column bg_color=&#8220;#d9d1c1&#8243; column_center=&#8220;true&#8220; text_color=&#8220;light&#8220; width=&#8220;1\/3&#8243;]<div class=\"single_image wpb_content_element align-left    \" data-animation=\"none\" data-delay=\"0\"><a href=\"https:\/\/www.osteriadaalvise.it\/wp-content\/uploads\/2020\/04\/alvise-spa-04.jpg\" class=\"prettyPhoto\" rel=\"prettyPhoto[image]\"><img loading=\"lazy\" decoding=\"async\" width=\"1280\" height=\"800\" src=\"https:\/\/www.osteriadaalvise.it\/wp-content\/uploads\/2020\/04\/alvise-spa-04.jpg\" class=\"attachment-full\" alt=\"\" title=\"alvise-spa-04\" srcset=\"https:\/\/www.osteriadaalvise.it\/wp-content\/uploads\/2020\/04\/alvise-spa-04.jpg 1280w, https:\/\/www.osteriadaalvise.it\/wp-content\/uploads\/2020\/04\/alvise-spa-04-300x188.jpg 300w, https:\/\/www.osteriadaalvise.it\/wp-content\/uploads\/2020\/04\/alvise-spa-04-1024x640.jpg 1024w, https:\/\/www.osteriadaalvise.it\/wp-content\/uploads\/2020\/04\/alvise-spa-04-768x480.jpg 768w\" sizes=\"(max-width: 1280px) 100vw, 1280px\" \/><\/a><\/div>[\/vc_column][vc_column column_center=&#8220;true&#8220; width=&#8220;1\/3&#8243;]<div class=\"single_image wpb_content_element align-left    \" data-animation=\"none\" data-delay=\"0\"><a href=\"https:\/\/www.osteriadaalvise.it\/wp-content\/uploads\/2020\/04\/alvise-spa-03.jpg\" class=\"prettyPhoto\" rel=\"prettyPhoto[image]\"><img loading=\"lazy\" decoding=\"async\" width=\"1280\" height=\"800\" src=\"https:\/\/www.osteriadaalvise.it\/wp-content\/uploads\/2020\/04\/alvise-spa-03.jpg\" class=\"attachment-full\" alt=\"\" title=\"alvise-spa-03\" srcset=\"https:\/\/www.osteriadaalvise.it\/wp-content\/uploads\/2020\/04\/alvise-spa-03.jpg 1280w, https:\/\/www.osteriadaalvise.it\/wp-content\/uploads\/2020\/04\/alvise-spa-03-300x188.jpg 300w, https:\/\/www.osteriadaalvise.it\/wp-content\/uploads\/2020\/04\/alvise-spa-03-1024x640.jpg 1024w, https:\/\/www.osteriadaalvise.it\/wp-content\/uploads\/2020\/04\/alvise-spa-03-768x480.jpg 768w\" sizes=\"(max-width: 1280px) 100vw, 1280px\" \/><\/a><\/div>[\/vc_column][\/vc_row][vc_row type=&#8220;full_width_section&#8220; bg_position=&#8220;left top&#8220;][vc_column width=&#8220;1\/1&#8243;]<div class=\"divider divider1\" style='margin:0 !important;'><\/div>[\/vc_column][\/vc_row]<\/p>\n<\/div>","protected":false},"excerpt":{"rendered":"<p>[vc_row type=&#8220;full_width_section&#8220; bg_image=&#8220;16346&#8243; parallax_bg=&#8220;true&#8220; bg_color=&#8220;#020000&#8243; top_padding=&#8220;0&#8243; bottom_padding=&#8220;0&#8243; bg_position=&#8220;center center&#8220;][vc_column width=&#8220;1\/1&#8243;][vc_column_text] &nbsp; &nbsp; &nbsp; &nbsp; &nbsp; &nbsp; &nbsp; &nbsp; &nbsp; &nbsp; &nbsp; &nbsp; [\/vc_column_text][\/vc_column][\/vc_row][vc_row text_align=&#8220;center&#8220; top_padding=&#8220;100&#8243; bottom_padding=&#8220;100&#8243;][vc_column text_align=&#8220;center&#8220; width=&#8220;1\/1&#8243;][\/vc_column][\/vc_row][vc_row type=&#8220;full_width_section&#8220; bg_position=&#8220;left top&#8220;][vc_column bg_color=&#8220;#4e4641&#8243; column_center=&#8220;true&#8220; text_color=&#8220;light&#8220; width=&#8220;1\/3&#8243;][\/vc_column][vc_column column_center=&#8220;true&#8220; width=&#8220;1\/3&#8243;][\/vc_column][vc_column bg_color=&#8220;#fafafa&#8220; column_center=&#8220;true&#8220; width=&#8220;1\/3&#8243;][\/vc_column][\/vc_row][vc_row type=&#8220;full_width_section&#8220; bg_position=&#8220;left top&#8220;][vc_column column_center=&#8220;true&#8220; width=&#8220;1\/3&#8243;][\/vc_column][vc_column bg_color=&#8220;#d9d1c1&#8243; column_center=&#8220;true&#8220; text_color=&#8220;light&#8220; width=&#8220;1\/3&#8243;][\/vc_column][vc_column column_center=&#8220;true&#8220; width=&#8220;1\/3&#8243;][\/vc_column][\/vc_row][vc_row type=&#8220;full_width_section&#8220; bg_position=&#8220;left top&#8220;][vc_column column_center=&#8220;true&#8220; width=&#8220;1\/3&#8243;][\/vc_column][vc_column bg_color=&#8220;#d9d1c1&#8243; column_center=&#8220;true&#8220; text_color=&#8220;light&#8220; width=&#8220;1\/3&#8243;][\/vc_column][vc_column column_center=&#8220;true&#8220; width=&#8220;1\/3&#8243;][\/vc_column][\/vc_row][vc_row type=&#8220;full_width_section&#8220; bg_position=&#8220;left top&#8220;][vc_column width=&#8220;1\/1&#8243;][\/vc_column][\/vc_row]<\/p>\n","protected":false},"author":1,"featured_media":0,"parent":0,"menu_order":0,"comment_status":"closed","ping_status":"closed","template":"","meta":{"footnotes":""},"class_list":["post-16939","page","type-page","status-publish","hentry"],"_links":{"self":[{"href":"https:\/\/www.osteriadaalvise.it\/de\/wp-json\/wp\/v2\/pages\/16939"}],"collection":[{"href":"https:\/\/www.osteriadaalvise.it\/de\/wp-json\/wp\/v2\/pages"}],"about":[{"href":"https:\/\/www.osteriadaalvise.it\/de\/wp-json\/wp\/v2\/types\/page"}],"author":[{"embeddable":true,"href":"https:\/\/www.osteriadaalvise.it\/de\/wp-json\/wp\/v2\/users\/1"}],"replies":[{"embeddable":true,"href":"https:\/\/www.osteriadaalvise.it\/de\/wp-json\/wp\/v2\/comments?post=16939"}],"version-history":[{"count":2,"href":"https:\/\/www.osteriadaalvise.it\/de\/wp-json\/wp\/v2\/pages\/16939\/revisions"}],"predecessor-version":[{"id":16942,"href":"https:\/\/www.osteriadaalvise.it\/de\/wp-json\/wp\/v2\/pages\/16939\/revisions\/16942"}],"wp:attachment":[{"href":"https:\/\/www.osteriadaalvise.it\/de\/wp-json\/wp\/v2\/media?parent=16939"}],"curies":[{"name":"wp","href":"https:\/\/api.w.org\/{rel}","templated":true}]}}